{"id":2957,"date":"2021-03-05T17:42:06","date_gmt":"2021-03-05T20:42:06","guid":{"rendered":"https:\/\/iabrj.habildesign.com.br\/site-antigo\/?page_id=2957"},"modified":"2021-03-05T22:51:48","modified_gmt":"2021-03-06T01:51:48","slug":"iabcompartilha","status":"publish","type":"page","link":"https:\/\/iabrj.habildesign.com.br\/site-antigo\/iabcompartilha\/","title":{"rendered":"03 IAB COMPARTILHA"},"content":{"rendered":"<p>[et_pb_section fb_built=&#8221;1&#8243; admin_label=&#8221;CABE\u00c7ALHO&#8221; _builder_version=&#8221;4.8.1&#8243; _module_preset=&#8221;default&#8221;][et_pb_row column_structure=&#8221;2_5,3_5&#8243; admin_label=&#8221;LINHA TITULO IAB COMPARTILHA&#8221; _builder_version=&#8221;4.8.1&#8243; _module_preset=&#8221;default&#8221; width=&#8221;100%&#8221; module_alignment=&#8221;center&#8221; min_height=&#8221;500px&#8221; max_height=&#8221;600px&#8221;][et_pb_column type=&#8221;2_5&#8243; _builder_version=&#8221;4.8.1&#8243; _module_preset=&#8221;default&#8221;][et_pb_image src=&#8221;https:\/\/iabrj.habildesign.com.br\/site-antigo\/wp-content\/uploads\/2021\/03\/CONVITE-CURSOS-IAB-COMPARTILHA-e1614976662448.jpeg&#8221; title_text=&#8221;CONVITE CURSOS IAB COMPARTILHA&#8221; _builder_version=&#8221;4.8.1&#8243; _module_preset=&#8221;default&#8221;][\/et_pb_image][\/et_pb_column][et_pb_column type=&#8221;3_5&#8243; _builder_version=&#8221;4.8.1&#8243; _module_preset=&#8221;default&#8221;][et_pb_text _builder_version=&#8221;4.8.1&#8243; _module_preset=&#8221;default&#8221; header_3_font=&#8221;|700|||||||&#8221; header_3_line_height=&#8221;1.5em&#8221;]<\/p>\n<h3>LAN\u00c7AMENTO DA TEMPORADA 2021 DE CURSOS REMOTOS DO IAB COMPARTILHA<\/h3>\n<p>&nbsp;<\/p>\n<p class=\"font_9\"><span class=\"color_15\">O\u00a0Programa de Educa\u00e7\u00e3o Continuada do Departamento do Rio de Janeiro do\u00a0Instituto de Arquitetos do Brasil foi criado para compartilhar\u00a0conhecimentos e perspectivas diversas sobre a cidade\u00a0contempor\u00e2nea, mat\u00e9ria prima essencial para\u00a0 a constru\u00e7\u00e3o de\u00a0cidades\u00a0mais\u00a0inclusivas e acess\u00edveis, socialmente mais justas e economicamente mais vibrantes e sustent\u00e1veis.<\/span><\/p>\n<p class=\"font_9\"><span class=\"wixGuard\">\u200b<\/span><\/p>\n<p class=\"font_9\"><span class=\"color_14\">Nosso objetivo \u00e9 compartilhar experi\u00eancias de professores com atua\u00e7\u00e3o destacada em diversas \u00e1reas para\u00a0oportunizar\u00a0o necess\u00e1rio\u00a0aprimoramento constante na forma\u00e7\u00e3o\u00a0profissional\u00a0de arquitetos, urbanistas, paisagistas, designers,\u00a0engenheiros, estudantes e interessados em\u00a0arquitetura e\u00a0urbanismo.<\/span><\/p>\n<p>[\/et_pb_text][et_pb_text _builder_version=&#8221;4.8.1&#8243; _module_preset=&#8221;default&#8221; header_3_font=&#8221;|700|||||||&#8221; header_3_line_height=&#8221;1.5em&#8221; hover_enabled=&#8221;0&#8243; sticky_enabled=&#8221;0&#8243;]<\/p>\n<p class=\"font_9\"><span class=\"color_15\">Veja abaixo a lista de cursos dispon\u00edveis. Clicando nas imagens voc\u00ea ser\u00e1 direcionado(a) para p\u00e1gina de inscri\u00e7\u00e3o.\u00a0 Associados e associadas do IAB-RJ tem desconto em todos os cursos do IAB Compartilha.<\/span><\/p>\n<p>[\/et_pb_text][\/et_pb_column][\/et_pb_row][\/et_pb_section][et_pb_section fb_built=&#8221;1&#8243; _builder_version=&#8221;4.8.1&#8243; _module_preset=&#8221;default&#8221;][et_pb_row column_structure=&#8221;1_2,1_2&#8243; _builder_version=&#8221;4.8.1&#8243; _module_preset=&#8221;default&#8221;][et_pb_column type=&#8221;1_2&#8243; _builder_version=&#8221;4.8.1&#8243; _module_preset=&#8221;default&#8221;][et_pb_image src=&#8221;https:\/\/iabrj.habildesign.com.br\/site-antigo\/wp-content\/uploads\/2021\/03\/CC01.jpg&#8221; title_text=&#8221;CC01&#8243; url=&#8221;http:\/\/bit.ly\/cursosiabrj2021&#8243; url_new_window=&#8221;on&#8221; admin_label=&#8221;01&#8243; _builder_version=&#8221;4.8.1&#8243; _module_preset=&#8221;default&#8221;][\/et_pb_image][et_pb_image src=&#8221;https:\/\/iabrj.habildesign.com.br\/site-antigo\/wp-content\/uploads\/2021\/03\/CC03.jpg&#8221; title_text=&#8221;CC03&#8243; url=&#8221;http:\/\/bit.ly\/cursosiabrj2021&#8243; url_new_window=&#8221;on&#8221; admin_label=&#8221;03&#8243; _builder_version=&#8221;4.8.1&#8243; _module_preset=&#8221;default&#8221;][\/et_pb_image][et_pb_image src=&#8221;https:\/\/iabrj.habildesign.com.br\/site-antigo\/wp-content\/uploads\/2021\/03\/CC05.jpg&#8221; title_text=&#8221;CC05&#8243; url=&#8221;http:\/\/bit.ly\/cursosiabrj2021&#8243; url_new_window=&#8221;on&#8221; admin_label=&#8221;05&#8243; _builder_version=&#8221;4.8.1&#8243; _module_preset=&#8221;default&#8221;][\/et_pb_image][et_pb_image src=&#8221;https:\/\/iabrj.habildesign.com.br\/site-antigo\/wp-content\/uploads\/2021\/03\/CC07.jpg&#8221; title_text=&#8221;CC07&#8243; url=&#8221;http:\/\/bit.ly\/cursosiabrj2021&#8243; url_new_window=&#8221;on&#8221; admin_label=&#8221;07&#8243; _builder_version=&#8221;4.8.1&#8243; _module_preset=&#8221;default&#8221;][\/et_pb_image][et_pb_image src=&#8221;https:\/\/iabrj.habildesign.com.br\/site-antigo\/wp-content\/uploads\/2021\/03\/CC08.jpg&#8221; title_text=&#8221;CC08&#8243; url=&#8221;http:\/\/bit.ly\/cursosiabrj2021&#8243; url_new_window=&#8221;on&#8221; admin_label=&#8221;08&#8243; _builder_version=&#8221;4.8.1&#8243; _module_preset=&#8221;default&#8221;][\/et_pb_image][et_pb_image src=&#8221;https:\/\/iabrj.habildesign.com.br\/site-antigo\/wp-content\/uploads\/2021\/03\/CC11.jpg&#8221; title_text=&#8221;CC11&#8243; url=&#8221;http:\/\/bit.ly\/cursosiabrj2021&#8243; url_new_window=&#8221;on&#8221; admin_label=&#8221;11&#8243; _builder_version=&#8221;4.8.1&#8243; _module_preset=&#8221;default&#8221;][\/et_pb_image][et_pb_image src=&#8221;https:\/\/iabrj.habildesign.com.br\/site-antigo\/wp-content\/uploads\/2021\/03\/CC14.jpg&#8221; title_text=&#8221;CC14&#8243; url=&#8221;http:\/\/bit.ly\/cursosiabrj2021&#8243; url_new_window=&#8221;on&#8221; admin_label=&#8221;14&#8243; _builder_version=&#8221;4.8.1&#8243; _module_preset=&#8221;default&#8221;][\/et_pb_image][et_pb_image src=&#8221;https:\/\/iabrj.habildesign.com.br\/site-antigo\/wp-content\/uploads\/2021\/03\/CC16.jpg&#8221; title_text=&#8221;CC16&#8243; url=&#8221;http:\/\/bit.ly\/cursosiabrj2021&#8243; url_new_window=&#8221;on&#8221; admin_label=&#8221;16&#8243; _builder_version=&#8221;4.8.1&#8243; _module_preset=&#8221;default&#8221;][\/et_pb_image][et_pb_image src=&#8221;https:\/\/iabrj.habildesign.com.br\/site-antigo\/wp-content\/uploads\/2021\/03\/CC17A.jpg&#8221; title_text=&#8221;CC17A&#8221; url=&#8221;http:\/\/bit.ly\/cursosiabrj2021&#8243; url_new_window=&#8221;on&#8221; admin_label=&#8221;17a&#8221; _builder_version=&#8221;4.8.1&#8243; _module_preset=&#8221;default&#8221;][\/et_pb_image][et_pb_image src=&#8221;https:\/\/iabrj.habildesign.com.br\/site-antigo\/wp-content\/uploads\/2021\/03\/CC19.jpg&#8221; title_text=&#8221;CC19&#8243; url=&#8221;http:\/\/bit.ly\/cursosiabrj2021&#8243; url_new_window=&#8221;on&#8221; admin_label=&#8221;19&#8243; _builder_version=&#8221;4.8.1&#8243; _module_preset=&#8221;default&#8221;][\/et_pb_image][et_pb_image src=&#8221;https:\/\/iabrj.habildesign.com.br\/site-antigo\/wp-content\/uploads\/2021\/03\/CC21.jpg&#8221; title_text=&#8221;CC21&#8243; url=&#8221;http:\/\/bit.ly\/cursosiabrj2021&#8243; url_new_window=&#8221;on&#8221; admin_label=&#8221;21&#8243; _builder_version=&#8221;4.8.1&#8243; _module_preset=&#8221;default&#8221;][\/et_pb_image][et_pb_image src=&#8221;https:\/\/iabrj.habildesign.com.br\/site-antigo\/wp-content\/uploads\/2021\/03\/CC23.jpg&#8221; title_text=&#8221;CC23&#8243; url=&#8221;http:\/\/bit.ly\/cursosiabrj2021&#8243; url_new_window=&#8221;on&#8221; admin_label=&#8221;23&#8243; _builder_version=&#8221;4.8.1&#8243; _module_preset=&#8221;default&#8221;][\/et_pb_image][et_pb_image src=&#8221;https:\/\/iabrj.habildesign.com.br\/site-antigo\/wp-content\/uploads\/2021\/03\/CC25.jpg&#8221; title_text=&#8221;CC25&#8243; url=&#8221;http:\/\/bit.ly\/cursosiabrj2021&#8243; url_new_window=&#8221;on&#8221; admin_label=&#8221;25&#8243; _builder_version=&#8221;4.8.1&#8243; _module_preset=&#8221;default&#8221;][\/et_pb_image][et_pb_image src=&#8221;https:\/\/iabrj.habildesign.com.br\/site-antigo\/wp-content\/uploads\/2021\/03\/CC27.jpg&#8221; title_text=&#8221;CC27&#8243; url=&#8221;http:\/\/bit.ly\/cursosiabrj2021&#8243; url_new_window=&#8221;on&#8221; admin_label=&#8221;27&#8243; _builder_version=&#8221;4.8.1&#8243; _module_preset=&#8221;default&#8221;][\/et_pb_image][\/et_pb_column][et_pb_column type=&#8221;1_2&#8243; _builder_version=&#8221;4.8.1&#8243; _module_preset=&#8221;default&#8221;][et_pb_image src=&#8221;https:\/\/iabrj.habildesign.com.br\/site-antigo\/wp-content\/uploads\/2021\/03\/CC02.jpg&#8221; title_text=&#8221;CC02&#8243; url=&#8221;http:\/\/bit.ly\/cursosiabrj2021&#8243; url_new_window=&#8221;on&#8221; admin_label=&#8221;02&#8243; _builder_version=&#8221;4.8.1&#8243; _module_preset=&#8221;default&#8221;][\/et_pb_image][et_pb_image src=&#8221;https:\/\/iabrj.habildesign.com.br\/site-antigo\/wp-content\/uploads\/2021\/03\/CC04.jpg&#8221; title_text=&#8221;CC04&#8243; url=&#8221;http:\/\/bit.ly\/cursosiabrj2021&#8243; url_new_window=&#8221;on&#8221; admin_label=&#8221;04&#8243; _builder_version=&#8221;4.8.1&#8243; _module_preset=&#8221;default&#8221;][\/et_pb_image][et_pb_image src=&#8221;https:\/\/iabrj.habildesign.com.br\/site-antigo\/wp-content\/uploads\/2021\/03\/CC06A.jpg&#8221; title_text=&#8221;CC06A&#8221; url=&#8221;http:\/\/bit.ly\/cursosiabrj2021&#8243; url_new_window=&#8221;on&#8221; admin_label=&#8221;06a&#8221; _builder_version=&#8221;4.8.1&#8243; _module_preset=&#8221;default&#8221;][\/et_pb_image][et_pb_image src=&#8221;https:\/\/iabrj.habildesign.com.br\/site-antigo\/wp-content\/uploads\/2021\/03\/CC09.jpg&#8221; title_text=&#8221;CC09&#8243; url=&#8221;http:\/\/bit.ly\/cursosiabrj2021&#8243; url_new_window=&#8221;on&#8221; admin_label=&#8221;09&#8243; _builder_version=&#8221;4.8.1&#8243; _module_preset=&#8221;default&#8221;][\/et_pb_image][et_pb_image src=&#8221;https:\/\/iabrj.habildesign.com.br\/site-antigo\/wp-content\/uploads\/2021\/03\/CC10.jpg&#8221; title_text=&#8221;CC10&#8243; url=&#8221;http:\/\/bit.ly\/cursosiabrj2021&#8243; url_new_window=&#8221;on&#8221; admin_label=&#8221;10&#8243; _builder_version=&#8221;4.8.1&#8243; _module_preset=&#8221;default&#8221;][\/et_pb_image][et_pb_image src=&#8221;https:\/\/iabrj.habildesign.com.br\/site-antigo\/wp-content\/uploads\/2021\/03\/CC12.jpg&#8221; title_text=&#8221;CC12&#8243; url=&#8221;http:\/\/bit.ly\/cursosiabrj2021&#8243; url_new_window=&#8221;on&#8221; admin_label=&#8221;12&#8243; _builder_version=&#8221;4.8.1&#8243; _module_preset=&#8221;default&#8221;][\/et_pb_image][et_pb_image src=&#8221;https:\/\/iabrj.habildesign.com.br\/site-antigo\/wp-content\/uploads\/2021\/03\/CC13.jpg&#8221; title_text=&#8221;CC13&#8243; url=&#8221;http:\/\/bit.ly\/cursosiabrj2021&#8243; url_new_window=&#8221;on&#8221; admin_label=&#8221;13&#8243; _builder_version=&#8221;4.8.1&#8243; _module_preset=&#8221;default&#8221;][\/et_pb_image][et_pb_image src=&#8221;https:\/\/iabrj.habildesign.com.br\/site-antigo\/wp-content\/uploads\/2021\/03\/CC15.jpg&#8221; title_text=&#8221;CC15&#8243; url=&#8221;http:\/\/bit.ly\/cursosiabrj2021&#8243; url_new_window=&#8221;on&#8221; admin_label=&#8221;15&#8243; _builder_version=&#8221;4.8.1&#8243; _module_preset=&#8221;default&#8221;][\/et_pb_image][et_pb_image src=&#8221;https:\/\/iabrj.habildesign.com.br\/site-antigo\/wp-content\/uploads\/2021\/03\/CC18.jpg&#8221; title_text=&#8221;CC18&#8243; url=&#8221;http:\/\/bit.ly\/cursosiabrj2021&#8243; url_new_window=&#8221;on&#8221; admin_label=&#8221;18&#8243; _builder_version=&#8221;4.8.1&#8243; _module_preset=&#8221;default&#8221;][\/et_pb_image][et_pb_image src=&#8221;https:\/\/iabrj.habildesign.com.br\/site-antigo\/wp-content\/uploads\/2021\/03\/CC20.jpg&#8221; title_text=&#8221;CC20&#8243; url=&#8221;http:\/\/bit.ly\/cursosiabrj2021&#8243; url_new_window=&#8221;on&#8221; admin_label=&#8221;20&#8243; _builder_version=&#8221;4.8.1&#8243; _module_preset=&#8221;default&#8221;][\/et_pb_image][et_pb_image src=&#8221;https:\/\/iabrj.habildesign.com.br\/site-antigo\/wp-content\/uploads\/2021\/03\/CC22.jpg&#8221; title_text=&#8221;CC22&#8243; url=&#8221;http:\/\/bit.ly\/cursosiabrj2021&#8243; url_new_window=&#8221;on&#8221; admin_label=&#8221;22&#8243; _builder_version=&#8221;4.8.1&#8243; _module_preset=&#8221;default&#8221;][\/et_pb_image][et_pb_image src=&#8221;https:\/\/iabrj.habildesign.com.br\/site-antigo\/wp-content\/uploads\/2021\/03\/CC24.jpg&#8221; title_text=&#8221;CC24&#8243; url=&#8221;http:\/\/bit.ly\/cursosiabrj2021&#8243; url_new_window=&#8221;on&#8221; admin_label=&#8221;24&#8243; _builder_version=&#8221;4.8.1&#8243; _module_preset=&#8221;default&#8221;][\/et_pb_image][et_pb_image src=&#8221;https:\/\/iabrj.habildesign.com.br\/site-antigo\/wp-content\/uploads\/2021\/03\/CC26.jpg&#8221; title_text=&#8221;CC26&#8243; url=&#8221;http:\/\/bit.ly\/cursosiabrj2021&#8243; url_new_window=&#8221;on&#8221; admin_label=&#8221;26&#8243; _builder_version=&#8221;4.8.1&#8243; _module_preset=&#8221;default&#8221;][\/et_pb_image][et_pb_image src=&#8221;https:\/\/iabrj.habildesign.com.br\/site-antigo\/wp-content\/uploads\/2021\/03\/CC28.jpg&#8221; title_text=&#8221;CC28&#8243; url=&#8221;http:\/\/bit.ly\/cursosiabrj2021&#8243; url_new_window=&#8221;on&#8221; admin_label=&#8221;28&#8243; _builder_version=&#8221;4.8.1&#8243; _module_preset=&#8221;default&#8221;][\/et_pb_image][\/et_pb_column][\/et_pb_row][\/et_pb_section][et_pb_section fb_built=&#8221;1&#8243; admin_label=&#8221;ASSOCIE-SE&#8221; _builder_version=&#8221;4.8.1&#8243; use_background_color_gradient=&#8221;on&#8221; background_color_gradient_start=&#8221;rgba(0,0,0,0.35)&#8221; background_color_gradient_end=&#8221;#000000&#8243; background_color_gradient_overlays_image=&#8221;on&#8221; background_image=&#8221;https:\/\/iabrj.habildesign.com.br\/site-antigo\/wp-content\/uploads\/2021\/01\/calligraphy_79.jpg&#8221; custom_padding=&#8221;7vw||7vw||true&#8221; global_module=&#8221;2659&#8243; collapsed=&#8221;off&#8221;][et_pb_row custom_padding_last_edited=&#8221;off|phone&#8221; _builder_version=&#8221;3.25&#8243; background_position=&#8221;bottom_center&#8221; custom_padding_tablet=&#8221;17vw||17vw||false&#8221; use_custom_width=&#8221;on&#8221; width_unit=&#8221;off&#8221; custom_width_percent=&#8221;100%&#8221; locked=&#8221;off&#8221;][et_pb_column type=&#8221;4_4&#8243; _builder_version=&#8221;3.25&#8243; custom_padding=&#8221;|||&#8221; custom_padding__hover=&#8221;|||&#8221;][et_pb_text _builder_version=&#8221;4.8.1&#8243; text_font=&#8221;||||||||&#8221; header_font=&#8221;||||||||&#8221; header_2_font=&#8221;Arial|500|||||||&#8221; header_2_font_size=&#8221;56px&#8221; header_2_line_height=&#8221;1.3em&#8221; header_3_font=&#8221;|700||on|||||&#8221; header_3_text_color=&#8221;rgba(255,255,255,0.35)&#8221; header_3_font_size=&#8221;12px&#8221; header_3_letter_spacing=&#8221;5px&#8221; header_3_line_height=&#8221;2em&#8221; transform_translate_linked=&#8221;off&#8221; text_orientation=&#8221;center&#8221; background_layout=&#8221;dark&#8221; max_width=&#8221;700px&#8221; module_alignment=&#8221;center&#8221; header_2_font_size_tablet=&#8221;40px&#8221; header_2_font_size_phone=&#8221;26px&#8221; header_2_font_size_last_edited=&#8221;on|phone&#8221; header_3_font_size_phone=&#8221;10px&#8221; header_3_font_size_last_edited=&#8221;off|desktop&#8221; text_text_align=&#8221;center&#8221;]<\/p>\n<h2>Associe-se ao IAB-RJ<\/h2>\n<p>[\/et_pb_text][et_pb_text _builder_version=&#8221;4.8.1&#8243; text_font=&#8221;||||||||&#8221; text_font_size=&#8221;16px&#8221; text_line_height=&#8221;1.8em&#8221; header_font=&#8221;||||||||&#8221; text_orientation=&#8221;center&#8221; background_layout=&#8221;dark&#8221; max_width=&#8221;700px&#8221; module_alignment=&#8221;center&#8221; text_font_size_tablet=&#8221;&#8221; text_font_size_phone=&#8221;14px&#8221; text_font_size_last_edited=&#8221;on|phone&#8221; text_text_align=&#8221;center&#8221;]<\/p>\n<p>O IAB \u2013 Instituto de Arquitetos do Brasil \u2013 \u00e9 uma institui\u00e7\u00e3o que objetiva fomentar a discuss\u00e3o da arquitetura e urbanismo e divulgar a profiss\u00e3o do arquiteto perante a sociedade brasileira.<\/p>\n<p>Fundado no Rio de Janeiro em 26 de janeiro de 1921, na sala de Hist\u00f3ria e Teoria da Arquitetura da Escola Nacional de Belas Artes, o Instituto de Arquitetos do Brasil \u00e9 a entidade profissional dos arquitetos mais antiga no pais e a representante no Brasil da Uni\u00e3o Internacional de Arquitetos \u2013 UIA \u2013 \u00f3rg\u00e3o m\u00e1ximo profissional e cultural dos arquitetos no mundo.<\/p>\n<p>[\/et_pb_text][et_pb_button button_url=&#8221;https:\/\/iabrj.habildesign.com.br\/site-antigo\/pagina_associacao_iabrj\/&#8221; button_text=&#8221;Associe-se&#8221; button_alignment=&#8221;center&#8221; button_alignment_tablet=&#8221;center&#8221; button_alignment_last_edited=&#8221;off|phone&#8221; _builder_version=&#8221;4.8.1&#8243; custom_button=&#8221;on&#8221; button_text_size=&#8221;14px&#8221; button_text_color=&#8221;#000000&#8243; button_bg_color=&#8221;#ffffff&#8221; button_border_width=&#8221;2px&#8221; button_border_radius=&#8221;3px&#8221; button_font=&#8221;|700|||||||&#8221; custom_margin_tablet=&#8221;|0px||&#8221; custom_margin_phone=&#8221;|0px||&#8221; custom_margin_last_edited=&#8221;on|tablet&#8221; custom_padding=&#8221;14px|48px|14px|48px|true|true&#8221;][\/et_pb_button][\/et_pb_column][\/et_pb_row][\/et_pb_section]<\/p>\n","protected":false},"excerpt":{"rendered":"<p>LAN\u00c7AMENTO DA TEMPORADA 2021 DE CURSOS REMOTOS DO IAB COMPARTILHA &nbsp; O\u00a0Programa de Educa\u00e7\u00e3o Continuada do Departamento do Rio de Janeiro do\u00a0Instituto de Arquitetos do Brasil foi criado para compartilhar\u00a0conhecimentos e perspectivas diversas sobre a cidade\u00a0contempor\u00e2nea, mat\u00e9ria prima essencial para\u00a0 a constru\u00e7\u00e3o de\u00a0cidades\u00a0mais\u00a0inclusivas e acess\u00edveis, socialmente mais justas e economicamente mais vibrantes e sustent\u00e1veis. \u200b [&hellip;]<\/p>\n","protected":false},"author":1,"featured_media":0,"parent":0,"menu_order":0,"comment_status":"closed","ping_status":"closed","template":"","meta":{"_et_pb_use_builder":"on","_et_pb_old_content":"","_et_gb_content_width":"","footnotes":""},"class_list":["post-2957","page","type-page","status-publish","hentry"],"_links":{"self":[{"href":"https:\/\/iabrj.habildesign.com.br\/site-antigo\/wp-json\/wp\/v2\/pages\/2957","targetHints":{"allow":["GET"]}}],"collection":[{"href":"https:\/\/iabrj.habildesign.com.br\/site-antigo\/wp-json\/wp\/v2\/pages"}],"about":[{"href":"https:\/\/iabrj.habildesign.com.br\/site-antigo\/wp-json\/wp\/v2\/types\/page"}],"author":[{"embeddable":true,"href":"https:\/\/iabrj.habildesign.com.br\/site-antigo\/wp-json\/wp\/v2\/users\/1"}],"replies":[{"embeddable":true,"href":"https:\/\/iabrj.habildesign.com.br\/site-antigo\/wp-json\/wp\/v2\/comments?post=2957"}],"version-history":[{"count":27,"href":"https:\/\/iabrj.habildesign.com.br\/site-antigo\/wp-json\/wp\/v2\/pages\/2957\/revisions"}],"predecessor-version":[{"id":3028,"href":"https:\/\/iabrj.habildesign.com.br\/site-antigo\/wp-json\/wp\/v2\/pages\/2957\/revisions\/3028"}],"wp:attachment":[{"href":"https:\/\/iabrj.habildesign.com.br\/site-antigo\/wp-json\/wp\/v2\/media?parent=2957"}],"curies":[{"name":"wp","href":"https:\/\/api.w.org\/{rel}","templated":true}]}}