{"id":3815,"date":"2022-05-13T23:41:02","date_gmt":"2022-05-14T02:41:02","guid":{"rendered":"https:\/\/iabrj.habildesign.com.br\/site-antigo\/?page_id=3815"},"modified":"2022-10-26T00:24:55","modified_gmt":"2022-10-26T03:24:55","slug":"premiacao-anual-iab-rj","status":"publish","type":"page","link":"https:\/\/iabrj.habildesign.com.br\/site-antigo\/premiacao-anual-iab-rj\/","title":{"rendered":"08-PREMIA\u00c7\u00c3O ANUAL IAB RJ HIST\u00d3RICO"},"content":{"rendered":"<p>[et_pb_section fb_built=&#8221;1&#8243; specialty=&#8221;on&#8221; admin_label=&#8221;CABE\u00c7ALHO&#8221; _builder_version=&#8221;4.8.1&#8243; _module_preset=&#8221;default&#8221; background_image=&#8221;https:\/\/iabrj.habildesign.com.br\/site-antigo\/wp-content\/uploads\/2022\/01\/2021-EXPO-CAPA-SITE.png&#8221; parallax=&#8221;on&#8221;][et_pb_column type=&#8221;1_3&#8243; _builder_version=&#8221;3.25&#8243; custom_padding=&#8221;|||&#8221; custom_padding__hover=&#8221;|||&#8221;][\/et_pb_column][et_pb_column type=&#8221;2_3&#8243; specialty_columns=&#8221;2&#8243; _builder_version=&#8221;3.25&#8243; custom_padding=&#8221;|||&#8221; custom_padding__hover=&#8221;|||&#8221;][et_pb_row_inner admin_label=&#8221;Linha&#8221; _builder_version=&#8221;4.8.1&#8243; _module_preset=&#8221;default&#8221;][et_pb_column_inner saved_specialty_column_type=&#8221;2_3&#8243; _builder_version=&#8221;4.8.1&#8243; _module_preset=&#8221;default&#8221;][et_pb_text admin_label=&#8221;TITULO PAGINA&#8221; _builder_version=&#8221;4.8.1&#8243; _module_preset=&#8221;default&#8221; header_font=&#8221;|800|||||||&#8221; header_text_color=&#8221;#FFFFFF&#8221; header_font_size=&#8221;40px&#8221; header_line_height=&#8221;1.5em&#8221; header_2_font=&#8221;|700|||||||&#8221; header_2_text_color=&#8221;#FFFFFF&#8221; header_2_font_size=&#8221;30px&#8221; header_2_line_height=&#8221;1.5em&#8221; header_text_shadow_style=&#8221;preset2&#8243; header_2_text_shadow_style=&#8221;preset2&#8243;]<\/p>\n<h1>PREMIA\u00c7\u00c3O ANUAL DO IAB-RJ<\/h1>\n<h2>HIST\u00d3RICO<\/h2>\n<p>[\/et_pb_text][\/et_pb_column_inner][\/et_pb_row_inner][\/et_pb_column][\/et_pb_section][et_pb_section fb_built=&#8221;1&#8243; _builder_version=&#8221;4.8.1&#8243; _module_preset=&#8221;default&#8221;][et_pb_row _builder_version=&#8221;4.8.1&#8243; _module_preset=&#8221;default&#8221;][et_pb_column type=&#8221;4_4&#8243; _builder_version=&#8221;4.8.1&#8243; _module_preset=&#8221;default&#8221;][et_pb_text admin_label=&#8221;APRESENTA\u00c7\u00c3O&#8221; _builder_version=&#8221;4.8.1&#8243; _module_preset=&#8221;default&#8221; text_font_size=&#8221;18px&#8221; text_line_height=&#8221;2em&#8221; text_orientation=&#8221;justified&#8221;]<\/p>\n<p><span style=\"font-weight: 400;\">A Premia\u00e7\u00e3o Anual de Arquitetura do Instituto de Arquitetos do Brasil, teve in\u00edcio no ano de 1963, quando da gest\u00e3o do Arquiteto Maur\u00edcio Roberto, ent\u00e3o Presidente do IAB-GB.<\/span><span style=\"font-weight: 400;\">Tem como finalidade promover uma exposi\u00e7\u00e3o de projetos de Arquitetura, urbanismo e Desenho\u00a0 Industrial, selecionando aqueles que \u201capresentassem alguma contribui\u00e7\u00e3o \u00e0 Arquitetura Brasileira\u201d(Ata do J\u00fari de 1963), nas diversas categorias de programas abertas aos Arquitetos. <\/span><span style=\"font-weight: 400;\">A 1\u00aa Comiss\u00e3o Julgadora foi formada pelos Arquitetos, Maur\u00edcio Roberto, \u00cdcaro de Castro e Paulo Antunes Ribeiro que premiou entre os 40 trabalhos, os Arquitetos, Ulisses Bularmaqui, Luiz Paulo Conde, Alfredo Britto, S\u00e9rgio Augusto Rocha entre outros.<\/span><\/p>\n<p><span style=\"font-weight: 400;\">Ao longo dos anos a Premia\u00e7\u00e3o tornou-se um evento obrigat\u00f3rio no calend\u00e1rio dos eventos culturais do IAB, assumindo o car\u00e1ter de Festa Anual dos Arquitetos, onde tamb\u00e9m se recepcionam as turmas dos novos formandos e se homenageia a Personalidade do Ano, escolhida entre os profissionais n\u00e3o arquitetos que tamb\u00e9m contribuir\u00e3o para o engrandecimento da Arquitetura Brasileira, assim foram homenageados personalidades como Herbert Moses, Gustavo Capanema, Ant\u00f4nio Houaiss, Rodrigo Mello Franco, Juscelino Kubistchek Roberto Burle Marx, Sobral Pinto e muitos outros.<\/span><\/p>\n<p><span style=\"font-weight: 400;\">A Premia\u00e7\u00e3o Anual do IAB\/RJ vem se realizando de forma ininterrupta em todos estes anos.\u00a0<\/span><span style=\"font-weight: 400;\">Desde 1984 foi organizado um exposi\u00e7\u00e3o paralela destinada a premiar os trabalhos de jovens arquitetos dos \u00faltimos per\u00edodos de faculdade, nas categorias de Arquitetura e Urbanismo, chamada Pr\u00eamio\u00a0 \u201cArquiteto de Amanh\u00e3\u201d.<\/span><\/p>\n<p>[\/et_pb_text][et_pb_divider color=&#8221;#000000&#8243; admin_label=&#8221;DIVISOR&#8221; _builder_version=&#8221;4.8.1&#8243; _module_preset=&#8221;default&#8221;][\/et_pb_divider][\/et_pb_column][\/et_pb_row][\/et_pb_section][et_pb_section fb_built=&#8221;1&#8243; _builder_version=&#8221;4.8.1&#8243; _module_preset=&#8221;default&#8221;][et_pb_row column_structure=&#8221;1_2,1_2&#8243; _builder_version=&#8221;4.8.1&#8243; _module_preset=&#8221;default&#8221;][et_pb_column type=&#8221;1_2&#8243; _builder_version=&#8221;4.8.1&#8243; _module_preset=&#8221;default&#8221;][et_pb_text admin_label=&#8221;2022&#8243; _builder_version=&#8221;4.8.1&#8243; _module_preset=&#8221;default&#8221; link_option_url=&#8221;https:\/\/iabrj.habildesign.com.br\/site-antigo\/2022premiacaoanual\/&#8221; link_option_url_new_window=&#8221;on&#8221;]<\/p>\n<h4>INSCRI\u00c7\u00d5ES ABERTAS 2022\u00a0<\/h4>\n<p>[\/et_pb_text][et_pb_text admin_label=&#8221;2021&#8243; _builder_version=&#8221;4.8.1&#8243; _module_preset=&#8221;default&#8221; link_option_url=&#8221;https:\/\/iabrj.habildesign.com.br\/site-antigo\/2021expoiabrj\/&#8221;]<\/p>\n<h4>PREMIADOS EM 2021<\/h4>\n<p>[\/et_pb_text][et_pb_text admin_label=&#8221;2020&#8243; _builder_version=&#8221;4.8.1&#8243; _module_preset=&#8221;default&#8221; link_option_url=&#8221;https:\/\/iabrj.habildesign.com.br\/site-antigo\/expo_2020_inicio\/&#8221;]<\/p>\n<h4>PREMIADOS EM\u00a0\u00a02020<\/h4>\n<p>[\/et_pb_text][et_pb_text admin_label=&#8221;1963 A 2019&#8243; _builder_version=&#8221;4.8.1&#8243; _module_preset=&#8221;default&#8221;]<\/p>\n<h4>PREMIADOS ENTRE 1963 E 2019 (em breve)<\/h4>\n<p>[\/et_pb_text][\/et_pb_column][et_pb_column type=&#8221;1_2&#8243; _builder_version=&#8221;4.8.1&#8243; _module_preset=&#8221;default&#8221;][\/et_pb_column][\/et_pb_row][\/et_pb_section][et_pb_section fb_built=&#8221;1&#8243; admin_label=&#8221;Footer&#8221; _builder_version=&#8221;3.24&#8243; background_size=&#8221;initial&#8221; background_repeat=&#8221;repeat-y&#8221; custom_padding=&#8221;0px|||||&#8221; saved_tabs=&#8221;all&#8221; locked=&#8221;off&#8221;][et_pb_row column_structure=&#8221;1_3,1_3,1_3&#8243; use_custom_gutter=&#8221;on&#8221; gutter_width=&#8221;2&#8243; _builder_version=&#8221;3.25&#8243; border_width_top=&#8221;2px&#8221;][et_pb_column type=&#8221;1_3&#8243; _builder_version=&#8221;3.25&#8243; custom_padding=&#8221;|||&#8221; custom_padding__hover=&#8221;|||&#8221;][\/et_pb_column][et_pb_column type=&#8221;1_3&#8243; _builder_version=&#8221;3.25&#8243; custom_padding=&#8221;|||&#8221; custom_padding__hover=&#8221;|||&#8221;][et_pb_text _builder_version=&#8221;4.8.1&#8243; text_font=&#8221;||||||||&#8221; text_font_size=&#8221;12px&#8221; text_line_height=&#8221;2em&#8221; link_font=&#8221;||||on||||&#8221; link_text_color=&#8221;#666666&#8243; header_font=&#8221;||||||||&#8221; header_text_align=&#8221;center&#8221; header_2_font=&#8221;||||||||&#8221; header_3_font=&#8221;|700||on|||||&#8221; header_3_font_size=&#8221;12px&#8221; header_3_letter_spacing=&#8221;5px&#8221; header_3_line_height=&#8221;1.8em&#8221; max_width_tablet=&#8221;70%&#8221; max_width_last_edited=&#8221;off|phone&#8221; header_3_font_size_tablet=&#8221;&#8221; header_3_font_size_phone=&#8221;&#8221; header_3_font_size_last_edited=&#8221;on|desktop&#8221; locked=&#8221;off&#8221;]<\/p>\n<h3>siga e acompanhe o IAB-RJ<\/h3>\n<p>[\/et_pb_text][et_pb_social_media_follow _builder_version=&#8221;4.8.1&#8243; text_orientation=&#8221;center&#8221; custom_margin=&#8221;-20px|||-10px&#8221; custom_margin_tablet=&#8221;&#8221; custom_margin_phone=&#8221;-20px||&#8221; custom_margin_last_edited=&#8221;on|desktop&#8221; filter_invert=&#8221;100%&#8221; locked=&#8221;off&#8221; icon_color__hover=&#8221;#e02b20&#8243;][et_pb_social_media_follow_network social_network=&#8221;facebook&#8221; url=&#8221;http:\/\/www.facebook.com\/iabrj&#8221; _builder_version=&#8221;4.8.1&#8243; follow_button=&#8221;off&#8221; url_new_window=&#8221;on&#8221;]facebook[\/et_pb_social_media_follow_network][et_pb_social_media_follow_network social_network=&#8221;twitter&#8221; url=&#8221;https:\/\/twitter.com\/IAB_RJ&#8221; _builder_version=&#8221;4.5.1&#8243; follow_button=&#8221;off&#8221; url_new_window=&#8221;on&#8221;]twitter[\/et_pb_social_media_follow_network][et_pb_social_media_follow_network social_network=&#8221;instagram&#8221; url=&#8221;https:\/\/www.instagram.com\/iab.rj\/&#8221; _builder_version=&#8221;4.5.1&#8243; follow_button=&#8221;off&#8221; url_new_window=&#8221;on&#8221;]instagram[\/et_pb_social_media_follow_network][et_pb_social_media_follow_network social_network=&#8221;youtube&#8221; url=&#8221;http:\/\/www.youtube.com\/iabrjtv&#8221; _builder_version=&#8221;4.8.1&#8243; _module_preset=&#8221;default&#8221; background_color=&#8221;#a82400&#8243; follow_button=&#8221;off&#8221; url_new_window=&#8221;on&#8221;]youtube[\/et_pb_social_media_follow_network][\/et_pb_social_media_follow][\/et_pb_column][et_pb_column type=&#8221;1_3&#8243; _builder_version=&#8221;3.25&#8243; custom_padding=&#8221;|||&#8221; custom_padding__hover=&#8221;|||&#8221;][\/et_pb_column][\/et_pb_row][\/et_pb_section]<\/p>\n","protected":false},"excerpt":{"rendered":"<p>PREMIA\u00c7\u00c3O ANUAL DO IAB-RJ HIST\u00d3RICOA Premia\u00e7\u00e3o Anual de Arquitetura do Instituto de Arquitetos do Brasil, teve in\u00edcio no ano de 1963, quando da gest\u00e3o do Arquiteto Maur\u00edcio Roberto, ent\u00e3o Presidente do IAB-GB.Tem como finalidade promover uma exposi\u00e7\u00e3o de projetos de Arquitetura, urbanismo e Desenho\u00a0 Industrial, selecionando aqueles que \u201capresentassem alguma contribui\u00e7\u00e3o \u00e0 Arquitetura Brasileira\u201d(Ata do [&hellip;]<\/p>\n","protected":false},"author":1,"featured_media":0,"parent":0,"menu_order":0,"comment_status":"closed","ping_status":"closed","template":"","meta":{"_et_pb_use_builder":"on","_et_pb_old_content":"","_et_gb_content_width":"","footnotes":""},"class_list":["post-3815","page","type-page","status-publish","hentry"],"_links":{"self":[{"href":"https:\/\/iabrj.habildesign.com.br\/site-antigo\/wp-json\/wp\/v2\/pages\/3815","targetHints":{"allow":["GET"]}}],"collection":[{"href":"https:\/\/iabrj.habildesign.com.br\/site-antigo\/wp-json\/wp\/v2\/pages"}],"about":[{"href":"https:\/\/iabrj.habildesign.com.br\/site-antigo\/wp-json\/wp\/v2\/types\/page"}],"author":[{"embeddable":true,"href":"https:\/\/iabrj.habildesign.com.br\/site-antigo\/wp-json\/wp\/v2\/users\/1"}],"replies":[{"embeddable":true,"href":"https:\/\/iabrj.habildesign.com.br\/site-antigo\/wp-json\/wp\/v2\/comments?post=3815"}],"version-history":[{"count":15,"href":"https:\/\/iabrj.habildesign.com.br\/site-antigo\/wp-json\/wp\/v2\/pages\/3815\/revisions"}],"predecessor-version":[{"id":4012,"href":"https:\/\/iabrj.habildesign.com.br\/site-antigo\/wp-json\/wp\/v2\/pages\/3815\/revisions\/4012"}],"wp:attachment":[{"href":"https:\/\/iabrj.habildesign.com.br\/site-antigo\/wp-json\/wp\/v2\/media?parent=3815"}],"curies":[{"name":"wp","href":"https:\/\/api.w.org\/{rel}","templated":true}]}}