{"id":429,"date":"2020-04-25T12:00:23","date_gmt":"2020-04-25T15:00:23","guid":{"rendered":"https:\/\/iabrj.habildesign.com.br\/site-antigo\/?page_id=429"},"modified":"2024-07-08T12:24:51","modified_gmt":"2024-07-08T15:24:51","slug":"homepage","status":"publish","type":"page","link":"https:\/\/iabrj.habildesign.com.br\/site-antigo\/","title":{"rendered":"01 HOMEPAGE"},"content":{"rendered":"<p>[et_pb_section fb_built=&#8221;1&#8243; admin_label=&#8221;CABE\u00c7ALHO&#8221; _builder_version=&#8221;4.16&#8243; _module_preset=&#8221;default&#8221; background_image=&#8221;https:\/\/iabrj.habildesign.com.br\/site-antigo\/wp-content\/uploads\/2021\/05\/SITE-IABRJ-IMG-FUNDO-DESTAQUE-PRINCIPAL.png&#8221; width=&#8221;100%&#8221; min_height=&#8221;304px&#8221; max_height=&#8221;400px&#8221; custom_margin=&#8221;||35px||false|false&#8221; global_colors_info=&#8221;{}&#8221;][et_pb_row admin_label=&#8221;LINHA CHAMADA MENU DESLIZANTE &#8211; CHAMADAS PRINCIPAIS DO SITE&#8221; _builder_version=&#8221;4.16&#8243; _module_preset=&#8221;default&#8221; width=&#8221;100%&#8221; module_alignment=&#8221;center&#8221; min_height=&#8221;500px&#8221; max_height=&#8221;600px&#8221; global_colors_info=&#8221;{}&#8221;][et_pb_column type=&#8221;4_4&#8243; _builder_version=&#8221;4.16&#8243; _module_preset=&#8221;default&#8221; global_colors_info=&#8221;{}&#8221;][et_pb_slider arrows_custom_color=&#8221;#000000&#8243; dot_nav_custom_color=&#8221;#000000&#8243; admin_label=&#8221;MENU CHAMADAS PRINCIPAIS&#8221; _builder_version=&#8221;4.26.0&#8243; _module_preset=&#8221;default&#8221; header_text_color=&#8221;#000000&#8243; header_font_size=&#8221;50px&#8221; body_text_color=&#8221;#000000&#8243; body_font_size=&#8221;16px&#8221; custom_button=&#8221;on&#8221; button_text_color=&#8221;#FFFFFF&#8221; button_bg_color=&#8221;#000000&#8243; button_border_color=&#8221;#000000&#8243; button_font=&#8221;Arial||||||||&#8221; min_height=&#8221;500px&#8221; max_height=&#8221;600px&#8221; animation_style=&#8221;slide&#8221; auto=&#8221;on&#8221; auto_ignore_hover=&#8221;on&#8221; hover_transition_duration=&#8221;1000ms&#8221; link_option_url=&#8221;https:\/\/iabrj.habildesign.com.br\/site-antigo\/21-11-2022\/&#8221; link_option_url_new_window=&#8221;on&#8221; hover_enabled=&#8221;0&#8243; global_colors_info=&#8221;{}&#8221; sticky_enabled=&#8221;0&#8243;][et_pb_slide heading=&#8221;Concurso Internacional Centro Cultural Rio-\u00c1frica&#8221; button_text=&#8221;saiba mais&#8221; button_link=&#8221;https:\/\/concursorioafrica.org.br\/&#8221; image=&#8221;https:\/\/iabrj.habildesign.com.br\/site-antigo\/wp-content\/uploads\/2024\/07\/WhatsApp-Image-2024-07-08-at-12.19.08-1.jpeg&#8221; _builder_version=&#8221;4.26.0&#8243; _module_preset=&#8221;default&#8221; background_color=&#8221;#FFFFFF&#8221; background_enable_color=&#8221;on&#8221; hover_enabled=&#8221;0&#8243; global_colors_info=&#8221;{}&#8221; sticky_transition=&#8221;on&#8221; title_text=&#8221;WhatsApp Image 2024-07-08 at 12.19.08 (1)&#8221; sticky_enabled=&#8221;0&#8243;]<\/p>\n<p>Iniciativa tem como objetivo selecionar a melhor proposta para o estudo preliminar de arquitetura do Centro Cultural Rio-\u00c1frica. As inscri\u00e7\u00f5es est\u00e3o abertas e o prazo se encerra no dia <strong><span style=\"text-decoration: underline; color: #ff0000;\">30 de agosto <\/span><\/strong>de 2024.<\/p>\n<p>[\/et_pb_slide][et_pb_slide heading=&#8221;IAB-RJ Compartilha &#8211; Temporada de Ver\u00e3o 2024&#8243; image=&#8221;https:\/\/iabrj.habildesign.com.br\/site-antigo\/wp-content\/uploads\/2024\/01\/destaque-iab-rj-compartilha-verao.png&#8221; _builder_version=&#8221;4.16&#8243; _module_preset=&#8221;default&#8221; global_colors_info=&#8221;{}&#8221; sticky_transition=&#8221;on&#8221;]<\/p>\n<p>As inscri\u00e7\u00f5es para temporada de ver\u00e3o do nosso programa de forma\u00e7\u00e3o continuada est\u00e3o abertas. Confira nossos cursos e participe!<\/p>\n<p>[\/et_pb_slide][et_pb_slide heading=&#8221;Premia\u00e7\u00e3o Anual 2023: inscri\u00e7\u00f5es prorrogadas&#8221; button_text=&#8221;Saiba mais&#8221; button_link=&#8221;https:\/\/iabrj.habildesign.com.br\/site-antigo\/premiacao-anual-do-iab-rj-coloca-em-debate-a-reducao-das-desigualdades-de-nossas-cidades\/&#8221; image=&#8221;https:\/\/iabrj.habildesign.com.br\/site-antigo\/wp-content\/uploads\/2023\/10\/card.png&#8221; _builder_version=&#8221;4.16&#8243; _module_preset=&#8221;default&#8221; background_color=&#8221;#FFFFFF&#8221; background_enable_color=&#8221;on&#8221; global_colors_info=&#8221;{}&#8221; sticky_transition=&#8221;on&#8221;]<\/p>\n<p>Voc\u00ea pode ser o pr\u00f3ximo vencedor da mais tradicional premia\u00e7\u00e3o da arquitetura e urbanismo do Rio de Janeiro. Aproveite que as inscri\u00e7\u00f5es foram prorrogadas at\u00e9 6\/11.<\/p>\n<p>[\/et_pb_slide][et_pb_slide heading=&#8221;CAMPANHA DE RENOVA\u00c7\u00c3O DE ASSOCIA\u00c7\u00c3O IAB-RJ 2023&#8243; button_link=&#8221;https:\/\/iabrj.habildesign.com.br\/site-antigo\/2023-02_post_campanhaassociacao\/&#8221; url_new_window=&#8221;on&#8221; image=&#8221;https:\/\/iabrj.habildesign.com.br\/site-antigo\/wp-content\/uploads\/2023\/02\/1.png&#8221; _builder_version=&#8221;4.16&#8243; _module_preset=&#8221;default&#8221; background_color=&#8221;#FFFFFF&#8221; background_enable_color=&#8221;on&#8221; background_enable_image=&#8221;off&#8221; width=&#8221;100%&#8221; max_width=&#8221;100%&#8221; global_colors_info=&#8221;{}&#8221; sticky_transition=&#8221;on&#8221;][\/et_pb_slide][et_pb_slide heading=&#8221;Pr\u00eamio Arquitetas e Arquitetos do Amanh\u00e3 2023&#8243; button_text=&#8221;Saiba mais&#8221; button_link=&#8221;https:\/\/iabrj.habildesign.com.br\/site-antigo\/iab-rj-abre-inscricoes-para-40o-premio-arquitetas-e-arquitetos-do-amanha\/&#8221; image=&#8221;https:\/\/iabrj.habildesign.com.br\/site-antigo\/wp-content\/uploads\/2023\/10\/card-arquiteto-do-amanha-copia-9.png&#8221; _builder_version=&#8221;4.16&#8243; _module_preset=&#8221;default&#8221; background_color=&#8221;#FFFFFF&#8221; background_enable_color=&#8221;on&#8221; global_colors_info=&#8221;{}&#8221; sticky_transition=&#8221;on&#8221;]<\/p>\n<p>O pr\u00eamio est\u00e1 com inscri\u00e7\u00f5es abertas, e o prazo se encerra no dia 16 de novembro. Podem concorrer estudantes e profissionais rec\u00e9m-formados dos cursos de Arquitetura e Urbanismo em Universidades ou Faculdades do estado do Rio de Janeiro.\u00a0<\/p>\n<p>[\/et_pb_slide][\/et_pb_slider][\/et_pb_column][\/et_pb_row][\/et_pb_section][et_pb_section fb_built=&#8221;1&#8243; admin_label=&#8221;PLANO DE SAUDE&#8221; _builder_version=&#8221;4.16&#8243; custom_margin=&#8221;3px||3px||false|false&#8221; global_colors_info=&#8221;{}&#8221;][\/et_pb_section][et_pb_section fb_built=&#8221;1&#8243; make_equal=&#8221;on&#8221; specialty=&#8221;on&#8221; admin_label=&#8221;NOTICIAS E AVISOS INSTITUCIONAIS&#8221; _builder_version=&#8221;4.16&#8243; _module_preset=&#8221;default&#8221; custom_margin=&#8221;0px||||false|false&#8221; global_colors_info=&#8221;{}&#8221;][et_pb_column type=&#8221;2_3&#8243; specialty_columns=&#8221;2&#8243; _builder_version=&#8221;4.16&#8243; custom_padding=&#8221;|||&#8221; global_colors_info=&#8221;{}&#8221; custom_padding__hover=&#8221;|||&#8221;][et_pb_row_inner admin_label=&#8221;Linha&#8221; _builder_version=&#8221;4.16&#8243; _module_preset=&#8221;default&#8221; global_colors_info=&#8221;{}&#8221;][et_pb_column_inner saved_specialty_column_type=&#8221;2_3&#8243; _builder_version=&#8221;4.16&#8243; _module_preset=&#8221;default&#8221; global_colors_info=&#8221;{}&#8221;][et_pb_text admin_label=&#8221;TITULO NOTICIAS &#8221; _builder_version=&#8221;4.16&#8243; text_font=&#8221;Arial||||||||&#8221; text_font_size=&#8221;20px&#8221; header_3_text_color=&#8221;#6B6B6B&#8221; header_6_text_color=&#8221;#000000&#8243; header_6_font_size=&#8221;16px&#8221; text_orientation=&#8221;center&#8221; custom_margin=&#8221;||35px||false|false&#8221; global_colors_info=&#8221;{}&#8221;]<\/p>\n<h3 style=\"text-align: left;\"><strong>NOT\u00cdCIAS<\/strong><\/h3>\n<p>[\/et_pb_text][et_pb_blog posts_number=&#8221;8&#8243; include_categories=&#8221;33,19&#8243; meta_date=&#8221;j.M.y&#8221; show_thumbnail=&#8221;off&#8221; excerpt_length=&#8221;150&#8243; show_more=&#8221;on&#8221; show_author=&#8221;off&#8221; show_date=&#8221;off&#8221; show_categories=&#8221;off&#8221; admin_label=&#8221;NOT\u00cdCIAS E EVENTOS&#8221; _builder_version=&#8221;4.16&#8243; header_font=&#8221;Arial|700|||||||&#8221; header_text_align=&#8221;justify&#8221; header_text_color=&#8221;#6b6b6b&#8221; header_font_size=&#8221;20px&#8221; body_font=&#8221;Actor||||||||&#8221; body_line_height=&#8221;1.2em&#8221; meta_font=&#8221;Arial|600||on|||||&#8221; meta_text_align=&#8221;left&#8221; meta_font_size=&#8221;20px&#8221; read_more_font=&#8221;Actor|300|||||||&#8221; read_more_text_color=&#8221;#000000&#8243; read_more_font_size=&#8221;12px&#8221; background_enable_color=&#8221;off&#8221; text_orientation=&#8221;justified&#8221; custom_margin=&#8221;0px||0px||false|false&#8221; custom_padding=&#8221;0px||0px||false|false&#8221; border_width_all=&#8221;0px&#8221; border_width_bottom=&#8221;2px&#8221; border_color_bottom=&#8221;#a6a6a6&#8243; border_style_bottom=&#8221;dotted&#8221; border_width_bottom_fullwidth=&#8221;2px&#8221; border_color_bottom_fullwidth=&#8221;#6b6b6b&#8221; border_style_bottom_fullwidth=&#8221;dotted&#8221; border_width_bottom_image=&#8221;2px&#8221; border_style_bottom_image=&#8221;dotted&#8221; global_colors_info=&#8221;{}&#8221;][\/et_pb_blog][\/et_pb_column_inner][\/et_pb_row_inner][\/et_pb_column][et_pb_column type=&#8221;1_3&#8243; _builder_version=&#8221;4.16&#8243; custom_padding=&#8221;|||&#8221; global_colors_info=&#8221;{}&#8221; custom_padding__hover=&#8221;|||&#8221;][et_pb_image src=&#8221;https:\/\/iabrj.habildesign.com.br\/site-antigo\/wp-content\/uploads\/2021\/01\/INSTITUCIONAL-AGENDA-WEB.jpg&#8221; title_text=&#8221;INSTITUCIONAL-AGENDA-WEB&#8221; url=&#8221;https:\/\/iabrj.habildesign.com.br\/site-antigo\/agendaiab\/&#8221; align=&#8221;right&#8221; admin_label=&#8221;AGENDA&#8221; _builder_version=&#8221;4.16&#8243; _module_preset=&#8221;default&#8221; width=&#8221;90%&#8221; custom_margin=&#8221;0px|0px|0px|0px|false|false&#8221; global_colors_info=&#8221;{}&#8221;][\/et_pb_image][et_pb_image src=&#8221;https:\/\/iabrj.habildesign.com.br\/site-antigo\/wp-content\/uploads\/2021\/01\/INSTITUCIONAL-SEDE-WEB.jpg&#8221; title_text=&#8221;INSTITUCIONAL-SEDE-WEB&#8221; url=&#8221;https:\/\/iabrj.habildesign.com.br\/site-antigo\/sede_iabrj-2\/&#8221; align=&#8221;right&#8221; admin_label=&#8221;SEDE&#8221; _builder_version=&#8221;4.16&#8243; _module_preset=&#8221;default&#8221; width=&#8221;90%&#8221; custom_margin=&#8221;0px|0px|0px|0px|false|false&#8221; global_colors_info=&#8221;{}&#8221;][\/et_pb_image][et_pb_image src=&#8221;https:\/\/iabrj.habildesign.com.br\/site-antigo\/wp-content\/uploads\/2021\/01\/INSTITUCIONAL-COMPARTILHA-WEB.jpg&#8221; title_text=&#8221;INSTITUCIONAL-COMPARTILHA-WEB&#8221; url=&#8221;https:\/\/iabrj.habildesign.com.br\/site-antigo\/iabcompartilha\/&#8221; align=&#8221;right&#8221; admin_label=&#8221;COMPARTILHA&#8221; _builder_version=&#8221;4.16&#8243; _module_preset=&#8221;default&#8221; width=&#8221;90%&#8221; custom_margin=&#8221;0px|0px|0px|0px|false|false&#8221; global_colors_info=&#8221;{}&#8221;][\/et_pb_image][et_pb_image src=&#8221;https:\/\/iabrj.habildesign.com.br\/site-antigo\/wp-content\/uploads\/2021\/01\/INSTITUCIONAL-VOLUNTARIADO-WEB.jpg&#8221; title_text=&#8221;INSTITUCIONAL-VOLUNTARIADO-WEB&#8221; url=&#8221;https:\/\/iabrj.habildesign.com.br\/site-antigo\/programa-de-voluntariado-iabrj\/&#8221; align=&#8221;right&#8221; admin_label=&#8221;VOLUNTARIADO&#8221; _builder_version=&#8221;4.16&#8243; _module_preset=&#8221;default&#8221; width=&#8221;90%&#8221; custom_margin=&#8221;0px|0px|0px|0px|false|false&#8221; global_colors_info=&#8221;{}&#8221;][\/et_pb_image][et_pb_image src=&#8221;https:\/\/iabrj.habildesign.com.br\/site-antigo\/wp-content\/uploads\/2021\/01\/INSTITUCIONAL-NUCLEOS-WEB.jpg&#8221; title_text=&#8221;INSTITUCIONAL-NUCLEOS-WEB&#8221; url=&#8221;https:\/\/iabrj.habildesign.com.br\/site-antigo\/conheca-os-nucleos-regionais-do-iabrj\/&#8221; align=&#8221;right&#8221; admin_label=&#8221;NUCLEOS&#8221; _builder_version=&#8221;4.16&#8243; _module_preset=&#8221;default&#8221; width=&#8221;90%&#8221; custom_margin=&#8221;0px|0px|0px|0px|false|false&#8221; global_colors_info=&#8221;{}&#8221;][\/et_pb_image][\/et_pb_column][\/et_pb_section][et_pb_section fb_built=&#8221;1&#8243; admin_label=&#8221;BENF\u00cdCIOS E PARCEIROS  SOCIOS IAB&#8221; _builder_version=&#8221;4.16&#8243; custom_margin=&#8221;||0px||false|false&#8221; global_colors_info=&#8221;{}&#8221;][et_pb_row make_equal=&#8221;on&#8221; admin_label=&#8221;BENEF\u00cdCIOS&#8221; _builder_version=&#8221;4.16&#8243; transform_scale=&#8221;90%|90%&#8221; width=&#8221;100%&#8221; border_color_bottom=&#8221;#000000&#8243; global_colors_info=&#8221;{}&#8221;][et_pb_column type=&#8221;4_4&#8243; _builder_version=&#8221;4.16&#8243; custom_padding=&#8221;0px|0px|0px|0px|false|false&#8221; global_colors_info=&#8221;{}&#8221;][et_pb_image src=&#8221;https:\/\/iabrj.habildesign.com.br\/site-antigo\/wp-content\/uploads\/2021\/03\/CLUBE-IAB-.jpg&#8221; title_text=&#8221;CLUBE-IAB-&#8221; url=&#8221;https:\/\/iab.redeparcerias.com\/&#8221; url_new_window=&#8221;on&#8221; align=&#8221;center&#8221; admin_label=&#8221;CLUBE IAB&#8221; _builder_version=&#8221;4.16&#8243; width=&#8221;100%&#8221; global_colors_info=&#8221;{}&#8221;][\/et_pb_image][\/et_pb_column][\/et_pb_row][\/et_pb_section][et_pb_section fb_built=&#8221;1&#8243; admin_label=&#8221;POST DESTAQUES SECUND\u00c1RIOS&#8221; _builder_version=&#8221;4.16&#8243; custom_margin=&#8221;||0px||false|false&#8221; global_colors_info=&#8221;{}&#8221;][et_pb_row make_equal=&#8221;on&#8221; admin_label=&#8221;DESTAQUES SECUNDARIOS&#8221; _builder_version=&#8221;4.16&#8243; width=&#8221;100%&#8221; border_width_top=&#8221;1px&#8221; border_color_top=&#8221;#000000&#8243; border_width_bottom=&#8221;1px&#8221; border_color_bottom=&#8221;#000000&#8243; global_colors_info=&#8221;{}&#8221;][et_pb_column type=&#8221;4_4&#8243; _builder_version=&#8221;4.16&#8243; custom_padding=&#8221;0px|0px|0px|0px|false|false&#8221; global_colors_info=&#8221;{}&#8221;][et_pb_blog fullwidth=&#8221;off&#8221; include_categories=&#8221;43&#8243; show_more=&#8221;on&#8221; show_author=&#8221;off&#8221; show_date=&#8221;off&#8221; show_categories=&#8221;off&#8221; show_pagination=&#8221;off&#8221; use_overlay=&#8221;on&#8221; overlay_icon_color=&#8221;#ffffff&#8221; hover_overlay_color=&#8221;#e02b20&#8243; hover_icon=&#8221;&#x50;||divi||400&#8243; admin_label=&#8221;POST DESTAQUE SECUND\u00c1RIO&#8221; _builder_version=&#8221;4.16&#8243; header_font=&#8221;Actor|700|||||||&#8221; header_font_size=&#8221;14px&#8221; header_line_height=&#8221;1.3em&#8221; body_font=&#8221;Actor||||||||&#8221; body_font_size=&#8221;12px&#8221; body_line_height=&#8221;1.3em&#8221; read_more_font=&#8221;Actor||||||||&#8221; read_more_text_color=&#8221;#ffffff&#8221; read_more_font_size=&#8221;12px&#8221; background_enable_color=&#8221;off&#8221; text_orientation=&#8221;justified&#8221; module_alignment=&#8221;center&#8221; custom_padding=&#8221;4px|4px|4px|4px|false|false&#8221; border_width_all=&#8221;0px&#8221; global_colors_info=&#8221;{}&#8221;][\/et_pb_blog][\/et_pb_column][\/et_pb_row][\/et_pb_section][et_pb_section fb_built=&#8221;1&#8243; admin_label=&#8221;BENF\u00cdCIOS E PARCEIROS  SOCIOS IAB&#8221; _builder_version=&#8221;4.16&#8243; custom_margin=&#8221;||0px||false|false&#8221; global_colors_info=&#8221;{}&#8221;][et_pb_row column_structure=&#8221;1_3,1_3,1_3&#8243; make_equal=&#8221;on&#8221; admin_label=&#8221;PARCEIROS IAB-RJ&#8221; _builder_version=&#8221;4.16&#8243; transform_scale=&#8221;90%|90%&#8221; width=&#8221;100%&#8221; border_color_bottom=&#8221;#000000&#8243; global_colors_info=&#8221;{}&#8221;][et_pb_column type=&#8221;1_3&#8243; _builder_version=&#8221;4.16&#8243; custom_padding=&#8221;0px|0px|0px|0px|false|false&#8221; global_colors_info=&#8221;{}&#8221;][et_pb_image src=&#8221;https:\/\/iabrj.habildesign.com.br\/site-antigo\/wp-content\/uploads\/2021\/01\/PARCEIRO-PONTO-GRAFICA.png&#8221; title_text=&#8221;PARCEIRO PONTO GRAFICA&#8221; url=&#8221;http:\/\/funsau.com.br\/&#8221; url_new_window=&#8221;on&#8221; align=&#8221;center&#8221; admin_label=&#8221;PONTO GRAFICA&#8221; _builder_version=&#8221;4.16&#8243; width=&#8221;90%&#8221; global_colors_info=&#8221;{}&#8221;][\/et_pb_image][\/et_pb_column][et_pb_column type=&#8221;1_3&#8243; _builder_version=&#8221;4.16&#8243; custom_padding=&#8221;0px|0px|0px|0px|false|false&#8221; global_colors_info=&#8221;{}&#8221;][et_pb_image src=&#8221;https:\/\/iabrj.habildesign.com.br\/site-antigo\/wp-content\/uploads\/2021\/01\/PARCEIRO-APLANET.png&#8221; title_text=&#8221;PARCEIRO APLANET&#8221; url=&#8221;https:\/\/aplanet.org\/ptbr\/&#8221; url_new_window=&#8221;on&#8221; align=&#8221;center&#8221; admin_label=&#8221;APLANET&#8221; _builder_version=&#8221;4.16&#8243; width=&#8221;90%&#8221; global_colors_info=&#8221;{}&#8221;][\/et_pb_image][\/et_pb_column][et_pb_column type=&#8221;1_3&#8243; _builder_version=&#8221;4.16&#8243; custom_padding=&#8221;0px|0px|0px|0px|false|false&#8221; global_colors_info=&#8221;{}&#8221;][et_pb_image src=&#8221;https:\/\/iabrj.habildesign.com.br\/site-antigo\/wp-content\/uploads\/2021\/01\/PARCEIRO-ARTIGRANO.png&#8221; title_text=&#8221;PARCEIRO ARTIGRANO&#8221; url=&#8221;https:\/\/artigrano.com\/&#8221; url_new_window=&#8221;on&#8221; align=&#8221;center&#8221; admin_label=&#8221;ARTIGRANO PADARIA&#8221; _builder_version=&#8221;4.16&#8243; width=&#8221;90%&#8221; global_colors_info=&#8221;{}&#8221;][\/et_pb_image][\/et_pb_column][\/et_pb_row][\/et_pb_section][et_pb_section fb_built=&#8221;1&#8243; admin_label=&#8221;ASSOCIE-SE&#8221; _builder_version=&#8221;4.16&#8243; use_background_color_gradient=&#8221;on&#8221; background_color_gradient_stops=&#8221;rgba(0,0,0,0.35) 0%|#000000 100%&#8221; background_color_gradient_overlays_image=&#8221;on&#8221; background_color_gradient_start=&#8221;rgba(0,0,0,0.35)&#8221; background_color_gradient_end=&#8221;#000000&#8243; background_image=&#8221;https:\/\/iabrj.habildesign.com.br\/site-antigo\/wp-content\/uploads\/2021\/01\/calligraphy_79.jpg&#8221; custom_padding=&#8221;7vw||7vw||true&#8221; background_color_gradient_stops_tablet=&#8221;rgba(0,0,0,0.35) 0%|#000000 100%&#8221; background_color_gradient_stops_phone=&#8221;rgba(0,0,0,0.35) 0%|#000000 100%&#8221; global_module=&#8221;2659&#8243; collapsed=&#8221;off&#8221; global_colors_info=&#8221;{}&#8221;][et_pb_row custom_padding_last_edited=&#8221;off|phone&#8221; _builder_version=&#8221;4.16&#8243; background_position=&#8221;bottom_center&#8221; custom_padding_tablet=&#8221;17vw||17vw||false&#8221; use_custom_width=&#8221;on&#8221; width_unit=&#8221;off&#8221; custom_width_percent=&#8221;100%&#8221; locked=&#8221;off&#8221; global_colors_info=&#8221;{}&#8221;][et_pb_column type=&#8221;4_4&#8243; _builder_version=&#8221;4.16&#8243; custom_padding=&#8221;|||&#8221; global_colors_info=&#8221;{}&#8221; custom_padding__hover=&#8221;|||&#8221;][et_pb_text _builder_version=&#8221;4.16&#8243; text_font=&#8221;||||||||&#8221; header_font=&#8221;||||||||&#8221; header_2_font=&#8221;Arial|500|||||||&#8221; header_2_font_size=&#8221;56px&#8221; header_2_line_height=&#8221;1.3em&#8221; header_3_font=&#8221;|700||on|||||&#8221; header_3_text_color=&#8221;rgba(255,255,255,0.35)&#8221; header_3_font_size=&#8221;12px&#8221; header_3_letter_spacing=&#8221;5px&#8221; header_3_line_height=&#8221;2em&#8221; transform_translate_linked=&#8221;off&#8221; text_orientation=&#8221;center&#8221; background_layout=&#8221;dark&#8221; max_width=&#8221;700px&#8221; module_alignment=&#8221;center&#8221; header_2_font_size_tablet=&#8221;40px&#8221; header_2_font_size_phone=&#8221;26px&#8221; header_2_font_size_last_edited=&#8221;on|phone&#8221; header_3_font_size_phone=&#8221;10px&#8221; header_3_font_size_last_edited=&#8221;off|desktop&#8221; text_text_align=&#8221;center&#8221; global_colors_info=&#8221;{}&#8221;]<\/p>\n<h2>Associe-se ao IAB-RJ<\/h2>\n<p>[\/et_pb_text][et_pb_text _builder_version=&#8221;4.16&#8243; text_font=&#8221;||||||||&#8221; text_font_size=&#8221;16px&#8221; text_line_height=&#8221;1.8em&#8221; header_font=&#8221;||||||||&#8221; text_orientation=&#8221;center&#8221; background_layout=&#8221;dark&#8221; max_width=&#8221;700px&#8221; module_alignment=&#8221;center&#8221; text_font_size_tablet=&#8221;&#8221; text_font_size_phone=&#8221;14px&#8221; text_font_size_last_edited=&#8221;on|phone&#8221; text_text_align=&#8221;center&#8221; global_colors_info=&#8221;{}&#8221;]<\/p>\n<p>O IAB \u2013 Instituto de Arquitetos do Brasil \u2013 \u00e9 uma institui\u00e7\u00e3o que objetiva fomentar a discuss\u00e3o da arquitetura e urbanismo e divulgar a profiss\u00e3o do arquiteto perante a sociedade brasileira.<\/p>\n<p>Fundado no Rio de Janeiro em 26 de janeiro de 1921, na sala de Hist\u00f3ria e Teoria da Arquitetura da Escola Nacional de Belas Artes, o Instituto de Arquitetos do Brasil \u00e9 a entidade profissional dos arquitetos mais antiga no pais e a representante no Brasil da Uni\u00e3o Internacional de Arquitetos \u2013 UIA \u2013 \u00f3rg\u00e3o m\u00e1ximo profissional e cultural dos arquitetos no mundo.<\/p>\n<p>[\/et_pb_text][et_pb_button button_url=&#8221;https:\/\/iabrj.habildesign.com.br\/site-antigo\/apoieoiabrj\/&#8221; button_text=&#8221;Associe-se&#8221; button_alignment=&#8221;center&#8221; button_alignment_tablet=&#8221;center&#8221; button_alignment_last_edited=&#8221;off|phone&#8221; _builder_version=&#8221;4.16&#8243; custom_button=&#8221;on&#8221; button_text_size=&#8221;14px&#8221; button_text_color=&#8221;#000000&#8243; button_bg_color=&#8221;#ffffff&#8221; button_border_width=&#8221;2px&#8221; button_border_radius=&#8221;3px&#8221; button_font=&#8221;|700|||||||&#8221; custom_margin_tablet=&#8221;|0px||&#8221; custom_margin_phone=&#8221;|0px||&#8221; custom_margin_last_edited=&#8221;on|tablet&#8221; custom_padding=&#8221;14px|48px|14px|48px|true|true&#8221; global_colors_info=&#8221;{}&#8221;][\/et_pb_button][\/et_pb_column][\/et_pb_row][\/et_pb_section][et_pb_section fb_built=&#8221;1&#8243; admin_label=&#8221;ENTIDADES&#8221; _builder_version=&#8221;4.16&#8243; _module_preset=&#8221;default&#8221; global_colors_info=&#8221;{}&#8221;][et_pb_row column_structure=&#8221;1_5,1_5,1_5,1_5,1_5&#8243; _builder_version=&#8221;4.16&#8243; global_colors_info=&#8221;{}&#8221;][et_pb_column type=&#8221;1_5&#8243; _builder_version=&#8221;4.16&#8243; global_colors_info=&#8221;{}&#8221;][et_pb_image src=&#8221;https:\/\/iabrj.habildesign.com.br\/site-antigo\/wp-content\/uploads\/2020\/06\/UIA-2021-CORES-2-scaled.jpg&#8221; url=&#8221;https:\/\/www.uia2021rio.archi\/&#8221; url_new_window=&#8221;on&#8221; align=&#8221;center&#8221; admin_label=&#8221;LOGO IAB DN&#8221; _builder_version=&#8221;4.16&#8243; width=&#8221;85%&#8221; global_colors_info=&#8221;{}&#8221;][\/et_pb_image][\/et_pb_column][et_pb_column type=&#8221;1_5&#8243; _builder_version=&#8221;4.16&#8243; global_colors_info=&#8221;{}&#8221;][et_pb_image src=&#8221;https:\/\/iabrj.habildesign.com.br\/site-antigo\/wp-content\/uploads\/2020\/04\/logo-IAB-DN-1.png&#8221; url=&#8221;https:\/\/iab.org.br\/&#8221; url_new_window=&#8221;on&#8221; align=&#8221;center&#8221; admin_label=&#8221;LOGO IAB DN&#8221; _builder_version=&#8221;4.16&#8243; width=&#8221;40%&#8221; global_colors_info=&#8221;{}&#8221;][\/et_pb_image][\/et_pb_column][et_pb_column type=&#8221;1_5&#8243; _builder_version=&#8221;4.16&#8243; global_colors_info=&#8221;{}&#8221;][et_pb_image src=&#8221;https:\/\/iabrj.habildesign.com.br\/site-antigo\/wp-content\/uploads\/2020\/02\/01_logo_capitalmundial_300PX.png&#8221; url=&#8221;http:\/\/www.rio.rj.gov.br\/web\/riocma2020&#8243; url_new_window=&#8221;on&#8221; align=&#8221;center&#8221; admin_label=&#8221;RCMA&#8221; _builder_version=&#8221;4.16&#8243; global_colors_info=&#8221;{}&#8221;][\/et_pb_image][\/et_pb_column][et_pb_column type=&#8221;1_5&#8243; _builder_version=&#8221;4.16&#8243; global_colors_info=&#8221;{}&#8221;][et_pb_image src=&#8221;https:\/\/iabrj.habildesign.com.br\/site-antigo\/wp-content\/uploads\/2020\/02\/CAU-RJ-logo-300px.png&#8221; url=&#8221;https:\/\/www.caurj.gov.br\/&#8221; url_new_window=&#8221;on&#8221; align=&#8221;center&#8221; admin_label=&#8221;CAU RJ&#8221; _builder_version=&#8221;4.16&#8243; global_colors_info=&#8221;{}&#8221;][\/et_pb_image][\/et_pb_column][et_pb_column type=&#8221;1_5&#8243; _builder_version=&#8221;4.16&#8243; global_colors_info=&#8221;{}&#8221;][et_pb_image src=&#8221;https:\/\/iabrj.habildesign.com.br\/site-antigo\/wp-content\/uploads\/2020\/02\/LOGO-CANAL-IAB-420X300.png&#8221; url=&#8221;https:\/\/www.youtube.com\/channel\/UCr-9o_ZmTnytYEY604E_5dw&#8221; url_new_window=&#8221;on&#8221; align=&#8221;center&#8221; admin_label=&#8221;IAB YOUTUBE&#8221; _builder_version=&#8221;4.16&#8243; width=&#8221;70%&#8221; global_colors_info=&#8221;{}&#8221;][\/et_pb_image][\/et_pb_column][\/et_pb_row][\/et_pb_section]<\/p>\n","protected":false},"excerpt":{"rendered":"<p>Iniciativa tem como objetivo selecionar a melhor proposta para o estudo preliminar de arquitetura do Centro Cultural Rio-\u00c1frica. As inscri\u00e7\u00f5es est\u00e3o abertas e o prazo se encerra no dia 30 de agosto de 2024.As inscri\u00e7\u00f5es para temporada de ver\u00e3o do nosso programa de forma\u00e7\u00e3o continuada est\u00e3o abertas. Confira nossos cursos e participe!Voc\u00ea pode ser o [&hellip;]<\/p>\n","protected":false},"author":1,"featured_media":0,"parent":0,"menu_order":0,"comment_status":"closed","ping_status":"closed","template":"","meta":{"_et_pb_use_builder":"on","_et_pb_old_content":"","_et_gb_content_width":"","footnotes":""},"class_list":["post-429","page","type-page","status-publish","hentry"],"_links":{"self":[{"href":"https:\/\/iabrj.habildesign.com.br\/site-antigo\/wp-json\/wp\/v2\/pages\/429","targetHints":{"allow":["GET"]}}],"collection":[{"href":"https:\/\/iabrj.habildesign.com.br\/site-antigo\/wp-json\/wp\/v2\/pages"}],"about":[{"href":"https:\/\/iabrj.habildesign.com.br\/site-antigo\/wp-json\/wp\/v2\/types\/page"}],"author":[{"embeddable":true,"href":"https:\/\/iabrj.habildesign.com.br\/site-antigo\/wp-json\/wp\/v2\/users\/1"}],"replies":[{"embeddable":true,"href":"https:\/\/iabrj.habildesign.com.br\/site-antigo\/wp-json\/wp\/v2\/comments?post=429"}],"version-history":[{"count":195,"href":"https:\/\/iabrj.habildesign.com.br\/site-antigo\/wp-json\/wp\/v2\/pages\/429\/revisions"}],"predecessor-version":[{"id":4431,"href":"https:\/\/iabrj.habildesign.com.br\/site-antigo\/wp-json\/wp\/v2\/pages\/429\/revisions\/4431"}],"wp:attachment":[{"href":"https:\/\/iabrj.habildesign.com.br\/site-antigo\/wp-json\/wp\/v2\/media?parent=429"}],"curies":[{"name":"wp","href":"https:\/\/api.w.org\/{rel}","templated":true}]}}