{"id":6,"date":"2019-04-16T01:00:53","date_gmt":"2019-04-16T04:00:53","guid":{"rendered":"https:\/\/iabrj.habildesign.com.br\/site-antigo\/?page_id=6"},"modified":"2023-05-04T23:38:02","modified_gmt":"2023-05-05T02:38:02","slug":"sobre_o_iab-rj","status":"publish","type":"page","link":"https:\/\/iabrj.habildesign.com.br\/site-antigo\/sobre_o_iab-rj\/","title":{"rendered":"07-SOBRE O IAB-RJ"},"content":{"rendered":"<p>[et_pb_section fb_built=&#8221;1&#8243; _builder_version=&#8221;4.2.2&#8243;][et_pb_row _builder_version=&#8221;4.2.2&#8243;][et_pb_column type=&#8221;4_4&#8243; _builder_version=&#8221;4.2.2&#8243;][et_pb_text admin_label=&#8221;SOBRE O IAB-RJ TITULO&#8221; _builder_version=&#8221;4.5.1&#8243; text_font_size=&#8221;16px&#8221;]<\/p>\n<h3><strong>O INSTITUTO DE ARQUITETOS DO BRASIL<\/strong><\/h3>\n<p>[\/et_pb_text][et_pb_text _builder_version=&#8221;4.5.1&#8243; text_font_size=&#8221;16px&#8221;]<\/p>\n<p>O IAB \u2013 Instituto de Arquitetos do Brasil \u2013 \u00e9 uma institui\u00e7\u00e3o que objetiva fomentar a discuss\u00e3o da arquitetura e urbanismo e divulgar a profiss\u00e3o do arquiteto perante a sociedade brasileira.<\/p>\n<p>Fundado no Rio de Janeiro em 26 de janeiro de 1921, na sala de Hist\u00f3ria e Teoria da Arquitetura da Escola Nacional de Belas Artes, o Instituto de Arquitetos do Brasil \u00e9 a entidade profissional dos arquitetos mais antiga no pais e a representante no Brasil da Uni\u00e3o Internacional de Arquitetos \u2013 UIA \u2013 \u00f3rg\u00e3o m\u00e1ximo profissional e cultural dos arquitetos no mundo.<\/p>\n<p>[\/et_pb_text][\/et_pb_column][\/et_pb_row][et_pb_row _builder_version=&#8221;4.2.2&#8243;][et_pb_column type=&#8221;4_4&#8243; _builder_version=&#8221;4.2.2&#8243;][et_pb_text admin_label=&#8221;CONSELHEIROS IAB -RJ TITULO&#8221; _builder_version=&#8221;4.5.1&#8243; text_font_size=&#8221;16px&#8221; hover_enabled=&#8221;0&#8243; sticky_enabled=&#8221;0&#8243;]<\/p>\n<h3><strong>CORPO DE CONSELHEIROS DO IAB &#8211; RJ<\/strong><\/h3>\n<p>[\/et_pb_text][\/et_pb_column][\/et_pb_row][et_pb_row column_structure=&#8221;2_3,1_3&#8243; _builder_version=&#8221;4.2.2&#8243;][et_pb_column type=&#8221;2_3&#8243; _builder_version=&#8221;4.2.2&#8243;][et_pb_text admin_label=&#8221;CONSELHO ADMINISTRATIVO&#8221; _builder_version=&#8221;4.8.1&#8243; text_font_size=&#8221;16px&#8221; hover_enabled=&#8221;0&#8243; sticky_enabled=&#8221;0&#8243;]<\/p>\n<h4><strong>CONSELHO ADMINISTRATIVO AMPLIADO (TRI\u00caNIO 2023 &#8211; 2025)<\/strong><\/h4>\n<p>&nbsp;<\/p>\n<p>Marcela Marques Abla &#8211; <em>Presidente &#8211; Articula\u00e7\u00e3o Geral<\/em><\/p>\n<p>Marcus Vinicius Martinho Pencai &#8211; <em>VIce-presidente &#8211; Financeiro e Transpar\u00eancia<\/em><\/p>\n<p>Marina Lage da Gama Lima &#8211; <em>Vice-presidente &#8211; Administra\u00e7\u00e3o<\/em><\/p>\n<p>Carlos Eduardo Nunes Ferreira &#8211; <em>Vice-presidente &#8211; Rela\u00e7\u00f5es Institucionais<\/em><\/p>\n<p>Bruna Bastos dos Santos e Emmily Leandro &#8211; <em>Vice-presidentes &#8211; Rela\u00e7\u00f5es S\u00f3cio-culturais<\/em><\/p>\n<p>Danielle Cristina Dias de Santana &#8211; <em>Vice-presidente &#8211; Comunica\u00e7\u00e3o<\/em><\/p>\n<p>[\/et_pb_text][et_pb_divider color=&#8221;#474747&#8243; divider_style=&#8221;dotted&#8221; divider_weight=&#8221;2px&#8221; admin_label=&#8221;DIVISOR&#8221; _builder_version=&#8221;4.5.1&#8243; _module_preset=&#8221;default&#8221;][\/et_pb_divider][et_pb_text admin_label=&#8221;CONSELHO SUPERIOR&#8221; _builder_version=&#8221;4.8.1&#8243; text_font_size=&#8221;16px&#8221; hover_enabled=&#8221;0&#8243; sticky_enabled=&#8221;0&#8243;]<\/p>\n<h4><strong>CONSELHO SUPERIOR &#8211; COSU (TRI\u00caNIO 2023 &#8211; 2025)<\/strong><\/h4>\n<p>&nbsp;<\/p>\n<h5><strong>TITULARES<\/strong><\/h5>\n<p>Igor Freire de Vetyemy<\/p>\n<p>M\u00f4nica Bahia Schlee<\/p>\n<p>Pablo Cesar Benetti<\/p>\n<p>Vera Lucia Sanches Fran\u00e7a e Leite<\/p>\n<p>Henrique Gaspar Barandier<\/p>\n<p>Danielle Cristina Dias de Santana &#8211;<em> Vice-presidente &#8211; Comunica\u00e7\u00e3o<\/em><\/p>\n<p>Carlos Fernando Andrade<\/p>\n<\/p>\n<h5><strong>SUPLENTES<\/strong><\/h5>\n<p>Maria da Concei\u00e7\u00e3o (C\u00ea\u00e7a) Alves de Guimaraens<\/p>\n<p>Alder Catunda Timb\u00f3 Muniz<\/p>\n<p>Paula de Oliveira Camargo<\/p>\n<p>Luciana da Silva Mayrink<\/p>\n<p>Patricia Cordeiro<\/p>\n<p>Maria Isabel de Vasconcelos Porto Tostes<\/p>\n<p>Ligia Tammela<\/p>\n<p>[\/et_pb_text][et_pb_divider color=&#8221;#474747&#8243; divider_style=&#8221;dotted&#8221; divider_weight=&#8221;2px&#8221; admin_label=&#8221;DIVISOR&#8221; _builder_version=&#8221;4.5.1&#8243; _module_preset=&#8221;default&#8221;][\/et_pb_divider][et_pb_text admin_label=&#8221;CONSELHO ESTADUAL&#8221; _builder_version=&#8221;4.8.1&#8243; text_font_size=&#8221;16px&#8221; hover_enabled=&#8221;0&#8243; sticky_enabled=&#8221;0&#8243;]<\/p>\n<h4><strong>CONSELHO ESTADUAL &#8211; C.E. <\/strong><\/h4>\n<h4>\u00a0<\/h4>\n<h4><strong>(TRI\u00caNIO 2023-2025)<\/strong><\/h4>\n<p>&nbsp;<\/p>\n<h5><strong>TITULARES<\/strong><\/h5>\n<p>Cl\u00e1udio Frare Crispim<\/p>\n<p>Emmily Leandro- <em>Vice-presidente &#8211; Rela\u00e7\u00f5es S\u00f3cio-Culturais<\/em><\/p>\n<p>Guilherme Nogueira Ragone<\/p>\n<p>Lucas Franco<\/p>\n<p>Fernanda Faria Delmonte Calv\u00e3o<\/p>\n<p>Paulo Eduardo Vidal Leite Ribeiro<\/p>\n<p>Luis Fernando Valverde Saland\u00eda<\/p>\n<p>Affonso Andr\u00e9 Mello de Oliveira<\/p>\n<p>Felipe Carvalho Nin Ferreira<\/p>\n<\/p>\n<h5><strong>SUPLENTES<\/strong><\/h5>\n<p>Edivaldo Cabral<\/p>\n<p>Marcio Martins<\/p>\n<p>Fabiana Izaga<\/p>\n<\/p>\n<h4><strong>(TRI\u00caNIO 2021-2023)<\/strong><\/h4>\n<h5>\u00a0<\/h5>\n<h5><strong>TITULARES<\/strong><\/h5>\n<p>Luciana Mayrink<\/p>\n<p>Julia Delmondes<\/p>\n<p>Vera Fran\u00e7a e Leite<\/p>\n<p>Alexsander Pereira<\/p>\n<p>S\u00e9rgio Nogueira<\/p>\n<p>Roberto Aracri<\/p>\n<p>Mylena Milato<\/p>\n<p>Nat\u00e1lia Kochem<\/p>\n<p>Miriam Lins<\/p>\n<\/p>\n<h5><strong>SUPLENTES<\/strong><\/h5>\n<p>Leticia Dupont<\/p>\n<p>Millena Zainotte<\/p>\n<p>Christiane Duarte<\/p>\n<h4>\u00a0<\/h4>\n<p>[\/et_pb_text][et_pb_divider color=&#8221;#474747&#8243; divider_style=&#8221;dotted&#8221; divider_weight=&#8221;2px&#8221; admin_label=&#8221;DIVISOR&#8221; _builder_version=&#8221;4.5.1&#8243; _module_preset=&#8221;default&#8221;][\/et_pb_divider][et_pb_text admin_label=&#8221;CONSELHO FISCAL&#8221; _builder_version=&#8221;4.8.1&#8243; text_font_size=&#8221;16px&#8221; hover_enabled=&#8221;0&#8243; sticky_enabled=&#8221;0&#8243;]<\/p>\n<h4><strong>CONSELHO FISCAL &#8211; C.F. (TRI\u00caNIO 2023 &#8211; 2025)<\/strong><\/h4>\n<p>&nbsp;<\/p>\n<h5><strong>TITULARES<\/strong><\/h5>\n<p>F\u00e1bio Mem\u00f3ria<\/p>\n<p>Norma Taulois<\/p>\n<p>Monica Vettori<\/p>\n<\/p>\n<h5><strong>SUPLENTES<\/strong><\/h5>\n<p>Carlos Krykthine<\/p>\n<p>Olga Esteves Campista<\/p>\n<p>Fabiana Duffrayer de Souza<\/p>\n<p>[\/et_pb_text][et_pb_divider color=&#8221;#474747&#8243; divider_style=&#8221;dotted&#8221; divider_weight=&#8221;2px&#8221; admin_label=&#8221;DIVISOR&#8221; _builder_version=&#8221;4.5.1&#8243; _module_preset=&#8221;default&#8221;][\/et_pb_divider][et_pb_text admin_label=&#8221;CONSELHEIROS VITAL\u00cdCIOS&#8221; _builder_version=&#8221;4.8.1&#8243; text_font_size=&#8221;16px&#8221; hover_enabled=&#8221;0&#8243; sticky_enabled=&#8221;0&#8243;]<\/p>\n<h4><strong>CONSELHEIROS VITAL\u00cdCIOS<\/strong><\/h4>\n<p>&nbsp;<\/p>\n<p>Marcos Konder<\/p>\n<p>Adir Ben Kauss<\/p>\n<p>Luiz Fernando Janot<\/p>\n<p>Lilia Varela<\/p>\n<p>Antonio Jos\u00e9 Pedral<\/p>\n<p>Carlos Fernando de Andrade<\/p>\n<p>Jeronimo de Moraes<\/p>\n<p>Fernando Alencar<\/p>\n<p>Dayse Gois<\/p>\n<p>Sergio Ferraz Magalh\u00e3es<\/p>\n<p>Pedro da Luz Moreira<\/p>\n<p>Igor Freire de Vetyemy<\/p>\n<p>[\/et_pb_text][et_pb_divider color=&#8221;#474747&#8243; divider_style=&#8221;dotted&#8221; divider_weight=&#8221;2px&#8221; admin_label=&#8221;DIVISOR&#8221; _builder_version=&#8221;4.5.1&#8243; _module_preset=&#8221;default&#8221;][\/et_pb_divider][\/et_pb_column][et_pb_column type=&#8221;1_3&#8243; _builder_version=&#8221;4.2.2&#8243;][\/et_pb_column][\/et_pb_row][et_pb_row _builder_version=&#8221;4.2.2&#8243;][et_pb_column type=&#8221;4_4&#8243; _builder_version=&#8221;4.2.2&#8243;][et_pb_text admin_label=&#8221;REPRESENTA\u00c7\u00c3O DO IAB-RJ&#8221; _builder_version=&#8221;4.5.1&#8243; text_font_size=&#8221;16px&#8221;]<\/p>\n<h3><strong>REPRESENTA\u00c7\u00d5ES DO IAB EM CONSELHOS P\u00daBLICOS<\/strong><\/h3>\n<p>[\/et_pb_text][\/et_pb_column][\/et_pb_row][et_pb_row column_structure=&#8221;2_3,1_3&#8243; _builder_version=&#8221;4.2.2&#8243;][et_pb_column type=&#8221;2_3&#8243; _builder_version=&#8221;4.2.2&#8243;][et_pb_text admin_label=&#8221;IPP&#8221; _builder_version=&#8221;4.8.1&#8243; text_font_size=&#8221;16px&#8221; hover_enabled=&#8221;0&#8243; sticky_enabled=&#8221;0&#8243;]<\/p>\n<h4><strong>INSTITUTO PEREIRA PASSOS (RJ)<\/strong><\/h4>\n<p>Marcela Marques Abla (titular)<\/p>\n<p>Emmily Leandro (suplente)<\/p>\n<p>[\/et_pb_text][et_pb_divider color=&#8221;#474747&#8243; divider_style=&#8221;dotted&#8221; divider_weight=&#8221;2px&#8221; admin_label=&#8221;DIVISOR&#8221; _builder_version=&#8221;4.5.1&#8243; _module_preset=&#8221;default&#8221;][\/et_pb_divider][et_pb_text admin_label=&#8221;COMPUR&#8221; _builder_version=&#8221;4.8.1&#8243; text_font_size=&#8221;16px&#8221; hover_enabled=&#8221;0&#8243; sticky_enabled=&#8221;0&#8243;]<\/p>\n<h4><strong>CONSELHO MUNICIPAL DE POL\u00cdTICA URBANA (COMPUR)<\/strong><\/h4>\n<p>Henrique Gaspar Barandier (titular)<\/p>\n<p>Maria Isabel de Vasconcelos Porto Tostes (suplente)<\/p>\n<p>F\u00e1bio Mem\u00f3ria (suplente)<\/p>\n<p>[\/et_pb_text][et_pb_divider color=&#8221;#474747&#8243; divider_style=&#8221;dotted&#8221; divider_weight=&#8221;2px&#8221; admin_label=&#8221;DIVISOR&#8221; _builder_version=&#8221;4.5.1&#8243; _module_preset=&#8221;default&#8221;][\/et_pb_divider][et_pb_text admin_label=&#8221;CONEMA&#8221; _builder_version=&#8221;4.8.1&#8243; text_font_size=&#8221;16px&#8221; hover_enabled=&#8221;0&#8243; sticky_enabled=&#8221;0&#8243;]<\/p>\n<h4><strong>CONSELHO ESTADUAL DO MEIO AMBIENTE (CONEMA)<\/strong><\/h4>\n<p>Tatiana Valle<\/p>\n<p>Carolina Galeazzi<\/p>\n<p>[\/et_pb_text][et_pb_divider color=&#8221;#474747&#8243; divider_style=&#8221;dotted&#8221; divider_weight=&#8221;2px&#8221; admin_label=&#8221;DIVISOR&#8221; _builder_version=&#8221;4.5.1&#8243; _module_preset=&#8221;default&#8221;][\/et_pb_divider][et_pb_text admin_label=&#8221;CONSEMAC&#8221; _builder_version=&#8221;4.5.1&#8243; text_font_size=&#8221;16px&#8221; hover_enabled=&#8221;0&#8243; sticky_enabled=&#8221;0&#8243;]<\/p>\n<h4><strong>CONSELHO MUNICIPAL DO MEIO AMBIENTE (CONSEMAC)<\/strong><\/h4>\n<p>A definir<\/p>\n<p>[\/et_pb_text][et_pb_divider color=&#8221;#474747&#8243; divider_style=&#8221;dotted&#8221; divider_weight=&#8221;2px&#8221; admin_label=&#8221;DIVISOR&#8221; _builder_version=&#8221;4.5.1&#8243; _module_preset=&#8221;default&#8221;][\/et_pb_divider][et_pb_text admin_label=&#8221;iNEPAC&#8221; _builder_version=&#8221;4.8.1&#8243; text_font_size=&#8221;16px&#8221; hover_enabled=&#8221;0&#8243; sticky_enabled=&#8221;0&#8243;]<\/p>\n<h4><strong>CONSELHO DE PATRIM\u00d4NIO DO INSTITUTO ESTADUAL DO PATRIM\u00d4NIO CULTURAL (INEPAC)<\/strong><\/h4>\n<p>Dora Monteiro e Silva Alcantara<\/p>\n<p>[\/et_pb_text][et_pb_divider color=&#8221;#474747&#8243; divider_style=&#8221;dotted&#8221; divider_weight=&#8221;2px&#8221; admin_label=&#8221;DIVISOR&#8221; _builder_version=&#8221;4.5.1&#8243; _module_preset=&#8221;default&#8221;][\/et_pb_divider][et_pb_text admin_label=&#8221;CTDP SIPLAN&#8221; _builder_version=&#8221;4.5.1&#8243; text_font_size=&#8221;16px&#8221;]<\/p>\n<h4><strong>COMIT\u00ca T\u00c9CNICO DE ACOMPANHAMENTO DO PLANO DIRETOR<\/strong><\/h4>\n<h4><strong>SISTEMA INTEGRADO DE PLANEJAMENTO E GEST\u00c3O URBANA<\/strong><\/h4>\n<p>A definir<\/p>\n<p>[\/et_pb_text][et_pb_divider color=&#8221;#474747&#8243; divider_style=&#8221;dotted&#8221; divider_weight=&#8221;2px&#8221; admin_label=&#8221;DIVISOR&#8221; _builder_version=&#8221;4.5.1&#8243; _module_preset=&#8221;default&#8221;][\/et_pb_divider][et_pb_text admin_label=&#8221;IRPH&#8221; _builder_version=&#8221;4.5.1&#8243; text_font_size=&#8221;16px&#8221; hover_enabled=&#8221;0&#8243; sticky_enabled=&#8221;0&#8243;]<\/p>\n<h4><strong>INSTITUTO RIO PATRIM\u00d4NIO DA HUMANIDADE (IRPH)<\/strong><\/h4>\n<p>Maria da Concei\u00e7\u00e3o (C\u00ea\u00e7a) Alves de Guimaraens<\/p>\n<p>[\/et_pb_text][et_pb_divider color=&#8221;#474747&#8243; divider_style=&#8221;dotted&#8221; divider_weight=&#8221;2px&#8221; admin_label=&#8221;DIVISOR&#8221; _builder_version=&#8221;4.5.1&#8243; _module_preset=&#8221;default&#8221;][\/et_pb_divider][et_pb_text admin_label=&#8221;RCMA&#8221; _builder_version=&#8221;4.8.1&#8243; text_font_size=&#8221;16px&#8221; hover_enabled=&#8221;0&#8243; sticky_enabled=&#8221;0&#8243;]<\/p>\n<h4><strong>RIO CAPITAL MUNDIAL DA ARQUITETURA<\/strong><\/h4>\n<p>Pedro da Luz Moreira<\/p>\n<p>[\/et_pb_text][et_pb_divider color=&#8221;#474747&#8243; divider_style=&#8221;dotted&#8221; divider_weight=&#8221;2px&#8221; admin_label=&#8221;DIVISOR&#8221; _builder_version=&#8221;4.5.1&#8243; _module_preset=&#8221;default&#8221;][\/et_pb_divider][et_pb_text admin_label=&#8221;FMHIS&#8221; _builder_version=&#8221;4.8.1&#8243; text_font_size=&#8221;16px&#8221; hover_enabled=&#8221;0&#8243; sticky_enabled=&#8221;0&#8243;]<\/p>\n<h4><strong>CONSELHO DO FUNDO MUNICIPAL DE HABITA\u00c7\u00c3O DE INTERESSE SOCIAL DO RIO DE JANEIRO (FMHIS)<\/strong><\/h4>\n<p>Marcela Marques Abla (titular)<\/p>\n<p>Pedro da Luz Moreira (suplente)<\/p>\n<p>[\/et_pb_text][et_pb_divider color=&#8221;#474747&#8243; divider_style=&#8221;dotted&#8221; divider_weight=&#8221;2px&#8221; admin_label=&#8221;DIVISOR&#8221; _builder_version=&#8221;4.5.1&#8243; _module_preset=&#8221;default&#8221;][\/et_pb_divider][et_pb_text admin_label=&#8221;FMHIS&#8221; _builder_version=&#8221;4.8.1&#8243; text_font_size=&#8221;16px&#8221; hover_enabled=&#8221;0&#8243; sticky_enabled=&#8221;0&#8243;]<\/p>\n<h4><strong>CONSELHO MUNICIPAL DE PRESERVA\u00c7\u00c3O DO PATRIM\u00d4NIO CULTURAL DE NITER\u00d3I<\/strong><\/h4>\n<p>Lucia Borges (titular)<\/p>\n<p>Rosana Silva (suplente)<\/p>\n<p>[\/et_pb_text][et_pb_divider color=&#8221;#474747&#8243; divider_style=&#8221;dotted&#8221; divider_weight=&#8221;2px&#8221; admin_label=&#8221;DIVISOR&#8221; _builder_version=&#8221;4.5.1&#8243; _module_preset=&#8221;default&#8221;][\/et_pb_divider][et_pb_text admin_label=&#8221;COMPUR NITEROI&#8221; _builder_version=&#8221;4.8.1&#8243; text_font_size=&#8221;16px&#8221; hover_enabled=&#8221;0&#8243; sticky_enabled=&#8221;0&#8243;]<\/p>\n<h4><strong>CONSELHO MUNICIPAL DE POL\u00cdTICAS URBANAS DE NITER\u00d3I (COMPUR NITER\u00d3I)<\/strong><\/h4>\n<p>Cedido pelo n\u00facleo regional do IAB para A.B.G.<\/p>\n<p>[\/et_pb_text][\/et_pb_column][et_pb_column type=&#8221;1_3&#8243; _builder_version=&#8221;4.2.2&#8243;][\/et_pb_column][\/et_pb_row][et_pb_row _builder_version=&#8221;4.5.1&#8243; _module_preset=&#8221;default&#8221;][et_pb_column type=&#8221;4_4&#8243; _builder_version=&#8221;4.5.1&#8243; _module_preset=&#8221;default&#8221;][et_pb_text admin_label=&#8221;REPRESENTA\u00c7\u00c3O ARTICULADA IAB NACIONAL&#8221; _builder_version=&#8221;4.8.1&#8243; text_font_size=&#8221;16px&#8221; hover_enabled=&#8221;0&#8243; sticky_enabled=&#8221;0&#8243;]<\/p>\n<h3><strong>REPRESENTA\u00c7\u00d5ES ARTICULADAS COM O IAB NACIONAL<\/strong><\/h3>\n<p>[\/et_pb_text][\/et_pb_column][\/et_pb_row][et_pb_row column_structure=&#8221;2_3,1_3&#8243; _builder_version=&#8221;4.2.2&#8243;][et_pb_column type=&#8221;2_3&#8243; _builder_version=&#8221;4.2.2&#8243;][et_pb_text admin_label=&#8221;IPP&#8221; _builder_version=&#8221;4.8.1&#8243; text_font_size=&#8221;16px&#8221; hover_enabled=&#8221;0&#8243; sticky_enabled=&#8221;0&#8243;]<\/p>\n<h4><strong>CONSELHO DO INSTITUTO DE PATRIM\u00d4NIO HIST\u00d3RICO E ART\u00cdSTICO NACIONAL (IPHAN)<\/strong><\/h4>\n<p>Nivaldo Andrade (IAB-DN)<\/p>\n<p>Maria da Concei\u00e7\u00e3o (C\u00ea\u00e7a) Alves de Guimaraens (suplente)<\/p>\n<p>[\/et_pb_text][et_pb_divider color=&#8221;#474747&#8243; divider_style=&#8221;dotted&#8221; divider_weight=&#8221;2px&#8221; admin_label=&#8221;DIVISOR&#8221; _builder_version=&#8221;4.8.1&#8243; _module_preset=&#8221;default&#8221; hover_enabled=&#8221;0&#8243; sticky_enabled=&#8221;0&#8243;][\/et_pb_divider][et_pb_text admin_label=&#8221;IRPH&#8221; _builder_version=&#8221;4.8.1&#8243; text_font_size=&#8221;16px&#8221; hover_enabled=&#8221;0&#8243; sticky_enabled=&#8221;0&#8243;]<\/p>\n<h4><strong>COMISS\u00c3O NACIONAL DO INCENTIVO \u00c0 CULTURA <\/strong><\/h4>\n<p>Fabiano Melo (IAB-PB) titular<\/p>\n<p>Rafael Passos (IAB-RJ) suplente<\/p>\n<p>[\/et_pb_text][\/et_pb_column][et_pb_column type=&#8221;1_3&#8243; _builder_version=&#8221;4.2.2&#8243;][\/et_pb_column][\/et_pb_row][\/et_pb_section][et_pb_section fb_built=&#8221;1&#8243; _builder_version=&#8221;4.2.2&#8243;][et_pb_row _builder_version=&#8221;4.2.2&#8243;][et_pb_column type=&#8221;4_4&#8243; _builder_version=&#8221;4.2.2&#8243;][et_pb_text _builder_version=&#8221;4.5.1&#8243; text_font_size=&#8221;16px&#8221;]<\/p>\n<h3><strong>ESTATUTO DO IAB-RJ<\/strong><\/h3>\n<p>[\/et_pb_text][\/et_pb_column][\/et_pb_row][et_pb_row _builder_version=&#8221;4.2.2&#8243;][et_pb_column type=&#8221;4_4&#8243; _builder_version=&#8221;4.2.2&#8243;][et_pb_gallery gallery_ids=&#8221;114,115,116,117,118,119,120,121,122,123&#8243; fullwidth=&#8221;on&#8221; _builder_version=&#8221;4.2.2&#8243; background_color=&#8221;#b5b5b5&#8243; width=&#8221;70%&#8221;][\/et_pb_gallery][\/et_pb_column][\/et_pb_row][\/et_pb_section]<\/p>\n","protected":false},"excerpt":{"rendered":"<p>O INSTITUTO DE ARQUITETOS DO BRASILO IAB \u2013 Instituto de Arquitetos do Brasil \u2013 \u00e9 uma institui\u00e7\u00e3o que objetiva fomentar a discuss\u00e3o da arquitetura e urbanismo e divulgar a profiss\u00e3o do arquiteto perante a sociedade brasileira. Fundado no Rio de Janeiro em 26 de janeiro de 1921, na sala de Hist\u00f3ria e Teoria da Arquitetura [&hellip;]<\/p>\n","protected":false},"author":1,"featured_media":0,"parent":0,"menu_order":0,"comment_status":"open","ping_status":"closed","template":"","meta":{"_et_pb_use_builder":"on","_et_pb_old_content":"","_et_gb_content_width":"","footnotes":""},"class_list":["post-6","page","type-page","status-publish","hentry"],"_links":{"self":[{"href":"https:\/\/iabrj.habildesign.com.br\/site-antigo\/wp-json\/wp\/v2\/pages\/6","targetHints":{"allow":["GET"]}}],"collection":[{"href":"https:\/\/iabrj.habildesign.com.br\/site-antigo\/wp-json\/wp\/v2\/pages"}],"about":[{"href":"https:\/\/iabrj.habildesign.com.br\/site-antigo\/wp-json\/wp\/v2\/types\/page"}],"author":[{"embeddable":true,"href":"https:\/\/iabrj.habildesign.com.br\/site-antigo\/wp-json\/wp\/v2\/users\/1"}],"replies":[{"embeddable":true,"href":"https:\/\/iabrj.habildesign.com.br\/site-antigo\/wp-json\/wp\/v2\/comments?post=6"}],"version-history":[{"count":25,"href":"https:\/\/iabrj.habildesign.com.br\/site-antigo\/wp-json\/wp\/v2\/pages\/6\/revisions"}],"predecessor-version":[{"id":4127,"href":"https:\/\/iabrj.habildesign.com.br\/site-antigo\/wp-json\/wp\/v2\/pages\/6\/revisions\/4127"}],"wp:attachment":[{"href":"https:\/\/iabrj.habildesign.com.br\/site-antigo\/wp-json\/wp\/v2\/media?parent=6"}],"curies":[{"name":"wp","href":"https:\/\/api.w.org\/{rel}","templated":true}]}}